{"id":1669,"date":"2023-09-16T15:46:49","date_gmt":"2023-09-16T13:46:49","guid":{"rendered":"https:\/\/ambtottancat.com\/portes-cuirassades\/portes-cuirassades-grau-iii-basic\/"},"modified":"2025-11-26T19:22:21","modified_gmt":"2025-11-26T17:22:21","slug":"portes-cuirassades-grau-iii-basic","status":"publish","type":"page","link":"https:\/\/ambtottancat.com\/ca\/serveis\/portes-cuirassades\/portes-cuirassades-grau-iii-basic\/","title":{"rendered":"Portes cuirassades grau III basic"},"content":{"rendered":"<div class=\"gb-container gb-container-cf4f5f0e alignfull\">\n<div class=\"gb-container gb-container-58fdea17\">\n<div class=\"gb-container gb-container-40fb0d8b\">\n<div class=\"gb-container gb-container-63112328\"><a class=\"gb-container-link\" href=\"\/ca\/serveis\/portes-cuirassades\/portes-cuirassades-grau-iii-basic\/\"><\/a>\n\n<h2 class=\"gb-headline gb-headline-87adcdae gb-headline-text\">Grau <mark style=\"background-color:rgba(0, 0, 0, 0)\" class=\"has-inline-color has-accent-color\">III<\/mark> <mark style=\"background-color:rgba(0, 0, 0, 0)\" class=\"has-inline-color has-accent-color\">Basic<\/mark><\/h2>\n\n<\/div>\n\n<div class=\"gb-container gb-container-df739758\"><a class=\"gb-container-link\" href=\"\/ca\/serveis\/portes-cuirassades\/portes-cuirassades-grau-iii\/\"><\/a>\n\n<h2 class=\"gb-headline gb-headline-bf7d7720 gb-headline-text\">Grau <mark style=\"background-color:rgba(0, 0, 0, 0)\" class=\"has-inline-color has-accent-color\">III<\/mark><\/h2>\n\n<\/div>\n\n<div class=\"gb-container gb-container-c71cadfb\"><a class=\"gb-container-link\" href=\"\/ca\/serveis\/portes-cuirassades\/portes-cuirassades-resistencia-grau-iv\/\"><\/a>\n\n<h2 class=\"gb-headline gb-headline-55909d85 gb-headline-text\">Grau <mark style=\"background-color:rgba(0, 0, 0, 0)\" class=\"has-inline-color has-accent-color\">IV<\/mark><\/h2>\n\n<\/div>\n\n<div class=\"gb-container gb-container-99d09210\"><a class=\"gb-container-link\" href=\"https:\/\/ambtottancat.com\/ca\/serveis\/portes-cuirassades\/portes-cuirassades-resistencia-grau-v\/\"><\/a>\n\n<h2 class=\"gb-headline gb-headline-7c2ff6f3 gb-headline-text\">Grau <mark style=\"background-color:rgba(0, 0, 0, 0)\" class=\"has-inline-color has-accent-color\">V<\/mark><\/h2>\n\n<\/div>\n\n<div class=\"gb-container gb-container-4109c105\"><a class=\"gb-container-link\" href=\"\/ca\/serveis\/portes-cuirassades\/portes-cuirassades-grau-iii-premium\/\"><\/a>\n\n<h2 class=\"gb-headline gb-headline-389e22fb gb-headline-text\">Grau <mark style=\"background-color:rgba(0, 0, 0, 0)\" class=\"has-inline-color has-accent-color\">III Premium<\/mark><\/h2>\n\n<\/div>\n\n<div class=\"gb-container gb-container-7f741be9\"><a class=\"gb-container-link\" href=\"\/ca\/serveis\/portes-cuirassades\/portes-cuirassades-grau-iv-premium\/\"><\/a>\n\n<h2 class=\"gb-headline gb-headline-0c6c6645 gb-headline-text\">Grau <mark style=\"background-color:rgba(0, 0, 0, 0)\" class=\"has-inline-color has-accent-color\">IV Premium<\/mark><\/h2>\n\n<\/div>\n<\/div>\n\n\n<h2 class=\"gb-headline gb-headline-9b21a2ad gb-headline-text\">Portes cuirassades<\/h2>\n\n\n\n<h6 class=\"gb-headline gb-headline-36c048a3 gb-headline-text\">Garantim un resultat excel\u00b7lent<\/h6>\n\n\n\n<p class=\"gb-headline gb-headline-9e7a516d gb-headline-text\">Des del 1997 instal\u00b7lem les portes cuirassades m\u00e9s segures i de millor qualitat del mercat. Inclouen els millors sistemes de protecci\u00f3 davant l&#8217;atac i l&#8217;efracci\u00f3 que les converteixen a les portes m\u00e9s inviolables actualment. Perqu\u00e8 els nostres clients se sentin segurs totes les portes porten de s\u00e8rie:<\/p>\n\n\n\n<h2 class=\"gb-headline gb-headline-600f46f6 gb-headline-text\">Portes cuirassades de resist\u00e8ncia Grau III &nbsp;<strong>Basic<\/strong><\/h2>\n\n<\/div>\n<\/div>\n\n<div class=\"gb-container gb-container-a4b79372 alignfull\">\n<div class=\"gb-container gb-container-0fb1a803\">\n<div class=\"gb-grid-wrapper gb-grid-wrapper-72512ba0\">\n<div class=\"gb-grid-column gb-grid-column-ab4b5a00\"><div class=\"gb-container gb-container-ab4b5a00\">\n\n<h2 class=\"gb-headline gb-headline-dcc21b86 gb-headline-text\">LES PORTES CUIRADES DE RESIST\u00c8NCIA III &nbsp;<strong>BASIC<\/strong> &nbsp;ES COMPONEN DE:<\/h2>\n\n<\/div><\/div>\n\n<div class=\"gb-grid-column gb-grid-column-22833ca9\"><div class=\"gb-container gb-container-22833ca9\">\n\n<ul class=\"wp-block-list\">\n<li>Fabricaci\u00f3, ports i muntatge de marc i porta cuirassada Grau III certificada per AENOR segons Norma UNE-EN 1627:2011 de resist\u00e8ncia a l&#8217;efracci\u00f3, amb llana de roca a\u00efllant t\u00e8rmic i ac\u00fastic interior.<\/li>\n\n\n\n<li>Cilindre Astral Sicur Classe 1 antitrepant i grau m\u00e0xim de seguretat relativa a la clau segons UNE-EN 1303:2005 antibumping, antitrencament, antiextracci\u00f3, antitrepant i antiganz\u00faa.<\/li>\n\n\n\n<li>5 claus de propietat.<\/li>\n\n\n\n<li>Blindatge estructural d&#8217;acer amb planxa doble cara, 3 nervis transversals, refor\u00e7os perimetrals i safata del darrere tipus L, safata davantera tipus U.<\/li>\n\n\n\n<li>Perfileria dalumini perimetral, perns soldats dacer de color a concretar.<\/li>\n\n\n\n<li>Planxa de Mangan\u00e8s d&#8217;1 mm antitrepant a tota la zona del pany.<\/li>\n\n\n\n<li>9 Bulons d&#8217;ancoratge a marc i relliscada.<\/li>\n\n\n\n<li>Pany d&#8217;alta seguretat segons UNE-EN 12209 m\u00e0xima resist\u00e8ncia al trepant.<\/li>\n\n\n\n<li>Protector-escut de cilindre Grau 4 UNE-EN 1906 d&#8217;alt\u00edssima resist\u00e8ncia efractiva de 46mm de di\u00e0metre TOP SYSTEM.<\/li>\n\n\n\n<li>Paravents interior ocult i pe\u00e7a de solapament del terra.<\/li>\n\n\n\n<li>Sistema antiretroc\u00e9s de forrellats de fins a 10KN contra la c\u00e0rrega lateral.<\/li>\n\n\n\n<li>Sistema d&#8217;autobloqueig de pany per intent d&#8217;obertura.<\/li>\n\n\n\n<li>Tauler interior llis envernissat o lacat.<\/li>\n\n\n\n<li>Tauler exterior llis envernissat o lacat.<\/li>\n\n\n\n<li>Marc d&#8217;acer de 75x35mm i posterior folrat interior i exterior.<\/li>\n\n\n\n<li>Ferratges (mirilla Big Eye, maneta, pom)<\/li>\n\n\n\n<li>Inclou 15% de descompte addicional web.<\/li>\n\n\n\n<li>Garantia de treball i materials: 5 anys<\/li>\n<\/ul>\n\n<\/div><\/div>\n<\/div>\n<\/div>\n<\/div>\n\n<div class=\"gb-container gb-container-fdcae4d1 alignfull\">\n\n<h3 class=\"gb-headline gb-headline-dd0f6a31 gb-headline-text\">T&#8217;esperem!<br>Contacta des d&#8217;aquest formulari i emporta&#8217;t ja el teu 15% de descompte!<\/h3>\n\n\n<p><iframe\n    src=\"https:\/\/updates.ecoseo.net\/widget\/form\/LwKG6gdN25tZTqhGC8Q6\"\n    style=\"width:100%;height:100%;border:none;border-radius:3px\"\n    id=\"inline-LwKG6gdN25tZTqhGC8Q6\" \n    data-layout=\"{'id':'INLINE'}\"\n    data-trigger-type=\"alwaysShow\"\n    data-trigger-value=\"\"\n    data-activation-type=\"alwaysActivated\"\n    data-activation-value=\"\"\n    data-deactivation-type=\"neverDeactivate\"\n    data-deactivation-value=\"\"\n    data-form-name=\"Form Web Puertas Acorazadas - Grado III Basic - CAT\"\n    data-height=\"647\"\n    data-layout-iframe-id=\"inline-LwKG6gdN25tZTqhGC8Q6\"\n    data-form-id=\"LwKG6gdN25tZTqhGC8Q6\"\n    title=\"Form Web Puertas Acorazadas - Grado III Basic - CAT\"\n        ><br \/>\n<\/iframe><br \/>\n<script src=\"https:\/\/updates.ecoseo.net\/js\/form_embed.js\"><\/script><\/p>\n\n<\/div>","protected":false},"excerpt":{"rendered":"<p>Grau III Basic Grau III Grau IV Grau V Grau III Premium Grau IV Premium &#8230; <a title=\"Portes cuirassades grau III basic\" class=\"read-more\" href=\"https:\/\/ambtottancat.com\/ca\/serveis\/portes-cuirassades\/portes-cuirassades-grau-iii-basic\/\" aria-label=\"M\u00e9s informaci\u00f3 sobre Portes cuirassades grau III basic\">Read more<\/a><\/p>\n","protected":false},"author":1,"featured_media":2043,"parent":3203,"menu_order":0,"comment_status":"closed","ping_status":"closed","template":"","meta":{"footnotes":""},"class_list":["post-1669","page","type-page","status-publish","has-post-thumbnail"],"_links":{"self":[{"href":"https:\/\/ambtottancat.com\/ca\/wp-json\/wp\/v2\/pages\/1669","targetHints":{"allow":["GET"]}}],"collection":[{"href":"https:\/\/ambtottancat.com\/ca\/wp-json\/wp\/v2\/pages"}],"about":[{"href":"https:\/\/ambtottancat.com\/ca\/wp-json\/wp\/v2\/types\/page"}],"author":[{"embeddable":true,"href":"https:\/\/ambtottancat.com\/ca\/wp-json\/wp\/v2\/users\/1"}],"replies":[{"embeddable":true,"href":"https:\/\/ambtottancat.com\/ca\/wp-json\/wp\/v2\/comments?post=1669"}],"version-history":[{"count":0,"href":"https:\/\/ambtottancat.com\/ca\/wp-json\/wp\/v2\/pages\/1669\/revisions"}],"up":[{"embeddable":true,"href":"https:\/\/ambtottancat.com\/ca\/wp-json\/wp\/v2\/pages\/3203"}],"wp:featuredmedia":[{"embeddable":true,"href":"https:\/\/ambtottancat.com\/ca\/wp-json\/wp\/v2\/media\/2043"}],"wp:attachment":[{"href":"https:\/\/ambtottancat.com\/ca\/wp-json\/wp\/v2\/media?parent=1669"}],"curies":[{"name":"wp","href":"https:\/\/api.w.org\/{rel}","templated":true}]}}