{"id":1685,"date":"2023-09-16T20:02:39","date_gmt":"2023-09-16T18:02:39","guid":{"rendered":"https:\/\/ambtottancat.com\/portes-cuirassades-grau-iv-premium\/"},"modified":"2025-11-26T19:21:36","modified_gmt":"2025-11-26T17:21:36","slug":"portes-cuirassades-grau-iv-premium","status":"publish","type":"page","link":"https:\/\/ambtottancat.com\/ca\/serveis\/portes-cuirassades\/portes-cuirassades-grau-iv-premium\/","title":{"rendered":"Portes cuirassades Grau IV Premium"},"content":{"rendered":"<div class=\"gb-container gb-container-cf4f5f0e alignfull\">\n<div class=\"gb-container gb-container-58fdea17\">\n<div class=\"gb-container gb-container-b51db851\">\n<div class=\"gb-container gb-container-ec3ce8e5\"><a class=\"gb-container-link\" href=\"\/ca\/serveis\/portes-cuirassades\/portes-cuirassades-grau-iii-basic\/\"><\/a>\n\n<h2 class=\"gb-headline gb-headline-a90d98fe gb-headline-text\">Grau <mark style=\"background-color:rgba(0, 0, 0, 0)\" class=\"has-inline-color has-accent-color\">III<\/mark> <mark style=\"background-color:rgba(0, 0, 0, 0)\" class=\"has-inline-color has-accent-color\">Basic<\/mark><\/h2>\n\n<\/div>\n\n<div class=\"gb-container gb-container-4fb2eaac\"><a class=\"gb-container-link\" href=\"\/ca\/serveis\/portes-cuirassades\/portes-cuirassades-grau-iii\/\"><\/a>\n\n<h2 class=\"gb-headline gb-headline-4aa22638 gb-headline-text\">Grau <mark style=\"background-color:rgba(0, 0, 0, 0)\" class=\"has-inline-color has-accent-color\">III<\/mark><\/h2>\n\n<\/div>\n\n<div class=\"gb-container gb-container-e0111190\"><a class=\"gb-container-link\" href=\"\/ca\/serveis\/portes-cuirassades\/portes-cuirassades-resistencia-grau-iv\/\"><\/a>\n\n<h2 class=\"gb-headline gb-headline-5a76ed71 gb-headline-text\">Grau <mark style=\"background-color:rgba(0, 0, 0, 0)\" class=\"has-inline-color has-accent-color\">IV<\/mark><\/h2>\n\n<\/div>\n\n<div class=\"gb-container gb-container-6b9f8118\"><a class=\"gb-container-link\" href=\"https:\/\/ambtottancat.com\/ca\/serveis\/portes-cuirassades\/portes-cuirassades-resistencia-grau-v\/\"><\/a>\n\n<h2 class=\"gb-headline gb-headline-8f515d82 gb-headline-text\">Grau <mark style=\"background-color:rgba(0, 0, 0, 0)\" class=\"has-inline-color has-accent-color\">V<\/mark><\/h2>\n\n<\/div>\n\n<div class=\"gb-container gb-container-1d60ae28\"><a class=\"gb-container-link\" href=\"\/ca\/serveis\/portes-cuirassades\/portes-cuirassades-grau-iii-premium\/\"><\/a>\n\n<h2 class=\"gb-headline gb-headline-b4b0162e gb-headline-text\">Grau <mark style=\"background-color:rgba(0, 0, 0, 0)\" class=\"has-inline-color has-accent-color\">III Premium<\/mark><\/h2>\n\n<\/div>\n\n<div class=\"gb-container gb-container-e77cfc88\"><a class=\"gb-container-link\" href=\"\/ca\/serveis\/portes-cuirassades\/portes-cuirassades-grau-iv-premium\/\"><\/a>\n\n<h2 class=\"gb-headline gb-headline-c161690c gb-headline-text\">Grau <mark style=\"background-color:rgba(0, 0, 0, 0)\" class=\"has-inline-color has-accent-color\">IV Premium<\/mark><\/h2>\n\n<\/div>\n<\/div>\n\n\n<h2 class=\"gb-headline gb-headline-9b21a2ad gb-headline-text\">Portes cuirassades Grau IV Premium<\/h2>\n\n\n\n<h6 class=\"gb-headline gb-headline-36c048a3 gb-headline-text\">Totes les nostres portes tenen la certificaci\u00f3 per part de: AENOR i la CE.<\/h6>\n\n\n\n<p>La nostra porta cuirassada de seguretat <mark style=\"background-color:rgba(0, 0, 0, 0)\" class=\"has-inline-color has-accent-color\">PREMIUM<\/mark> \u00e9s la millor porta cuirassada de grau 3 del mercat sense cap dubte i incorpora el millor pany d&#8217;Europa per a portes cuirassades disposant de 8 bulons de tancament a la caixa central (3+4) m\u00e9s 6 bulons inferiors i superiors (3+3) , <mark style=\"background-color:rgba(0, 0, 0, 0)\" class=\"has-inline-color has-accent-color\">disposant en total de 13 bulons de tancament i els millors cilindres a nivell Europeu Keso 8000 Premium Omega2 amb 5 claus mestres i 2 de servei, totes 100% incopiables<\/mark><\/p>\n\n<\/div>\n<\/div>\n\n<div class=\"gb-container gb-container-a4b79372 alignfull\">\n<div class=\"gb-container gb-container-0fb1a803\">\n<div class=\"gb-grid-wrapper gb-grid-wrapper-72512ba0\">\n<div class=\"gb-grid-column gb-grid-column-ab4b5a00\"><div class=\"gb-container gb-container-ab4b5a00\">\n\n<h2 class=\"gb-headline gb-headline-1d75f590 gb-headline-text\">Les portes cuirassades de resist\u00e8ncia IV Premium es componen de:<\/h2>\n\n<\/div><\/div>\n\n<div class=\"gb-grid-column gb-grid-column-22833ca9\"><div class=\"gb-container gb-container-22833ca9\">\n\n<ul class=\"wp-block-list\">\n<li>Fabricaci\u00f3, ports i muntatge de marc i porta cuirassada Grau 4 segons Norma UNE-EN 1627:2011 de resist\u00e8ncia a l&#8217;efracci\u00f3 certificada per AENOR i amb llana de roca com a a\u00efllant t\u00e8rmic i ac\u00fastic interior.<\/li>\n\n\n\n<li>Blindatge estructural d&#8217;acer amb planxa doble cara, 5 nervis transversals, nervi vertical central, refor\u00e7os perimetrals, safata del darrere tipus L i davantera tipus U.<\/li>\n\n\n\n<li>Perfileria dalumini perimetral decorativa engomada a marc i fulla de la porta.<\/li>\n\n\n\n<li>Paravents inferior ocult amb pe\u00e7a de solapament amb el terra i paravents en el marc.<\/li>\n\n\n\n<li>Perns (frontisses) d&#8217;acer soldades a marc i fulla en color a concretar.<\/li>\n\n\n\n<li>Sistema de pany antiretroc\u00e9s de forrellats amb una resist\u00e8ncia a la c\u00e0rrega lateral de fins a 12 kN (1200kg).<\/li>\n\n\n\n<li>4 antipalanques peltina de 3mm galvanitzades a la zona dels perns.<\/li>\n\n\n\n<li>Pany de classe 7 UNE-EN 12209 de m\u00e0xima resist\u00e8ncia al trepant.<\/li>\n\n\n\n<li>Protector massissos d&#8217;acer abocarat ANTIEXTRACCI\u00d3 certificat en Grau 4 UNE-EN 1906 amb m\u00e0xima resist\u00e8ncia davant l&#8217;efracci\u00f3 de 50mm de di\u00e0metre; placa de mangan\u00e8s simple a la part frontal i doble en llentia, boles d&#8217;acer i pins interiors.<\/li>\n\n\n\n<li>Sistema incorporat d&#8217;autobloqueig de pany per intent d&#8217;obertura.<\/li>\n\n\n\n<li>Planxa de mangan\u00e8s de 2 mm antitrepant a tota la zona del pany.<\/li>\n\n\n\n<li>Triple sistema de pins patentat bloquejable en cas de manipulaci\u00f3. Pitons matem\u00e0tics, actius i passius.<\/li>\n\n\n\n<li>5 claus mestres incopiables amb element m\u00f2bil i targeta de propietat.<\/li>\n\n\n\n<li>Ferratges inclosos; maneta interior, pom exterior i espiell Big Eye.<\/li>\n\n\n\n<li>Revestimiento con nuevas tapetas decorativas de marco exterior e interior.<\/li>\n\n\n\n<li>Cilindre KESO 8000 Omega2, el m\u00e0xim grau de certificaci\u00f3 tant espanyol com a europeu. Passadors de carbur de tungst\u00e8 al rotor i al cos, un pont constru\u00eft totalment en acer Crom Niquel refor\u00e7at, resisteixen els atacs amb eines de WIDIA i HSS, aix\u00ed com extractors<\/li>\n\n\n\n<li>Tauler interior: a gust de cada client.<\/li>\n\n\n\n<li>Tauler exterior: a joc de la comunitat de ve\u00efns.<\/li>\n\n\n\n<li>Inclou 15% de descompte addicional web.<\/li>\n<\/ul>\n\n<\/div><\/div>\n<\/div>\n<\/div>\n<\/div>\n\n<div class=\"gb-container gb-container-fdcae4d1 alignfull\">\n\n<h3 class=\"gb-headline gb-headline-dd0f6a31 gb-headline-text\">T&#8217;esperem!<br>Contacta des d&#8217;aquest formulari i emporta&#8217;t ja el teu 15% de descompte!<\/h3>\n\n\n<p><iframe\n    src=\"https:\/\/updates.ecoseo.net\/widget\/form\/x9ez1XiHfxD7QcS0h0Tq\"\n    style=\"width:100%;height:100%;border:none;border-radius:3px\"\n    id=\"inline-x9ez1XiHfxD7QcS0h0Tq\" \n    data-layout=\"{'id':'INLINE'}\"\n    data-trigger-type=\"alwaysShow\"\n    data-trigger-value=\"\"\n    data-activation-type=\"alwaysActivated\"\n    data-activation-value=\"\"\n    data-deactivation-type=\"neverDeactivate\"\n    data-deactivation-value=\"\"\n    data-form-name=\"Form Web Puertas Acorazadas - Grado IV Premium - CAT\"\n    data-height=\"647\"\n    data-layout-iframe-id=\"inline-x9ez1XiHfxD7QcS0h0Tq\"\n    data-form-id=\"x9ez1XiHfxD7QcS0h0Tq\"\n    title=\"Form Web Puertas Acorazadas - Grado IV Premium - CAT\"\n        ><br \/>\n<\/iframe><br \/>\n<script src=\"https:\/\/updates.ecoseo.net\/js\/form_embed.js\"><\/script><\/p>\n\n<\/div>","protected":false},"excerpt":{"rendered":"<p>Grau III Basic Grau III Grau IV Grau V Grau III Premium Grau IV Premium &#8230; <a title=\"Portes cuirassades Grau IV Premium\" class=\"read-more\" href=\"https:\/\/ambtottancat.com\/ca\/serveis\/portes-cuirassades\/portes-cuirassades-grau-iv-premium\/\" aria-label=\"M\u00e9s informaci\u00f3 sobre Portes cuirassades Grau IV Premium\">Read more<\/a><\/p>\n","protected":false},"author":1,"featured_media":2039,"parent":3203,"menu_order":0,"comment_status":"closed","ping_status":"closed","template":"","meta":{"footnotes":""},"class_list":["post-1685","page","type-page","status-publish","has-post-thumbnail"],"_links":{"self":[{"href":"https:\/\/ambtottancat.com\/ca\/wp-json\/wp\/v2\/pages\/1685","targetHints":{"allow":["GET"]}}],"collection":[{"href":"https:\/\/ambtottancat.com\/ca\/wp-json\/wp\/v2\/pages"}],"about":[{"href":"https:\/\/ambtottancat.com\/ca\/wp-json\/wp\/v2\/types\/page"}],"author":[{"embeddable":true,"href":"https:\/\/ambtottancat.com\/ca\/wp-json\/wp\/v2\/users\/1"}],"replies":[{"embeddable":true,"href":"https:\/\/ambtottancat.com\/ca\/wp-json\/wp\/v2\/comments?post=1685"}],"version-history":[{"count":0,"href":"https:\/\/ambtottancat.com\/ca\/wp-json\/wp\/v2\/pages\/1685\/revisions"}],"up":[{"embeddable":true,"href":"https:\/\/ambtottancat.com\/ca\/wp-json\/wp\/v2\/pages\/3203"}],"wp:featuredmedia":[{"embeddable":true,"href":"https:\/\/ambtottancat.com\/ca\/wp-json\/wp\/v2\/media\/2039"}],"wp:attachment":[{"href":"https:\/\/ambtottancat.com\/ca\/wp-json\/wp\/v2\/media?parent=1685"}],"curies":[{"name":"wp","href":"https:\/\/api.w.org\/{rel}","templated":true}]}}