{"id":1689,"date":"2022-01-26T13:31:10","date_gmt":"2022-01-26T13:31:10","guid":{"rendered":"https:\/\/ambtottancat.com\/qui-som\/"},"modified":"2023-10-06T16:12:43","modified_gmt":"2023-10-06T16:12:43","slug":"qui-som","status":"publish","type":"page","link":"https:\/\/ambtottancat.com\/ca\/qui-som\/","title":{"rendered":"Qui Som"},"content":{"rendered":"<div class=\"gb-container gb-container-8fce13cb alignfull\"><div class=\"gb-inside-container\">\n<div class=\"gb-container gb-container-dcd1a6e7\"><div class=\"gb-inside-container\">\n\n<p class=\"has-text-align-center\">El nostre equip de professionals altament qualificats i experimentats est\u00e0 comprom\u00e8s a oferir serveis d&#8217;alta qualitat, adequats a les necessitats de cada client i amb preus competitius a cadascun dels nostres treballs.<\/p>\n\n\n\n<p class=\"has-text-align-center\">Som especialistes en serveis de serralleria residencial, comercial i industrial, oferint serveis d&#8217;obertura de portes, canvi de panys, reparaci\u00f3 de persianes, instal\u00b7laci\u00f3 de bombins, duplicat de claus i molt m\u00e9s.<\/p>\n\n<\/div><\/div>\n<\/div><\/div>\n\n<div class=\"gb-container gb-container-7a9638d3 alignfull\"><div class=\"gb-inside-container\">\n<div class=\"gb-grid-wrapper gb-grid-wrapper-e875819b\">\n<div class=\"gb-grid-column gb-grid-column-ac56b380\"><div class=\"gb-container gb-container-ac56b380\"><div class=\"gb-inside-container\"><\/div><\/div><\/div>\n\n<div class=\"gb-grid-column gb-grid-column-d10430f6\"><div class=\"gb-container gb-container-d10430f6 container-gb-2233\"><div class=\"gb-inside-container\">\n\n<h2 class=\"gb-headline gb-headline-e9bb6e62 gb-headline-text\">EXPERI\u00c8NCIA<\/h2>\n\n\n\n<p class=\"gb-headline gb-headline-dc926fed gb-headline-text\">La nostra \u00e0mplia experi\u00e8ncia i comprom\u00eds amb la qualitat ens ha perm\u00e8s adquirir la confian\u00e7a i satisfacci\u00f3 dels nostres clients, que saben que poden comptar amb nosaltres en qualsevol moment del dia, en qualsevol situaci\u00f3 i per a qualsevol tipus de feina.<\/p>\n\n\n\n<p class=\"gb-headline gb-headline-6e0c7aee gb-headline-text\">La nostra pol\u00edtica \u00e9s ajudar cadascun dels nostres clients, de manera que cobrim totes les seves necessitats. Fem pressupostos detallats del servei a contractar i us oferim el suport d&#8217;un professional, el qual us despla\u00e7areu per assessorar-vos en cas d&#8217;un servei urgent o concertat.<\/p>\n\n\n\n<p class=\"gb-headline gb-headline-f8750414 gb-headline-text\">A m\u00e9s, oferim garantia de tots els nostres serveis per assegurar que els nostres clients estiguin satisfets amb la feina feta. Aix\u00ed mateix, tenim un servei d\u00b4atenci\u00f3 al client 24\/7 per atendre totes les peticions que puguin sorgir en qualsevol moment.<\/p>\n\n<\/div><\/div><\/div>\n<\/div>\n<\/div><\/div>\n\n<div class=\"gb-container gb-container-35cefb78 alignfull\"><div class=\"gb-inside-container\">\n\n<h6 class=\"gb-headline gb-headline-ad7f4b71 gb-headline-text\">COMPROM\u00cdS<\/h6>\n\n\n\n<h2 class=\"gb-headline gb-headline-effa7a50 gb-headline-text\">AMB TOT TANCAT<\/h2>\n\n\n\n<p class=\"has-text-align-center\">Ens comprometem a treballar amb serietat i efici\u00e8ncia per garantir el millor resultat possible a cadascun dels nostres treballs. No dubteu a contactar-nos si necessiteu qualsevol tipus de reparaci\u00f3, manteniment, instal\u00b7laci\u00f3 o assessorament en mat\u00e8ria de serralleria.<\/p>\n\n\n\n<p class=\"has-text-align-center\">Si necessiteu un servei de serralleria no dubteu a contactar-nos. Estarem encantats d&#8217;ajudar-vos i oferir-vos la millor soluci\u00f3.<br>Amb tot tancat presta el manteniment i els serveis generals en serralleria a tot tipus d&#8217;empresa, comer\u00e7 o particular.<\/p>\n\n<\/div><\/div>","protected":false},"excerpt":{"rendered":"<p>El nostre equip de professionals altament qualificats i experimentats est\u00e0 comprom\u00e8s a oferir serveis d&#8217;alta &#8230; <a title=\"Qui Som\" class=\"read-more\" href=\"https:\/\/ambtottancat.com\/ca\/qui-som\/\" aria-label=\"M\u00e9s informaci\u00f3 sobre Qui Som\">Read more<\/a><\/p>\n","protected":false},"author":1,"featured_media":1587,"parent":0,"menu_order":0,"comment_status":"closed","ping_status":"closed","template":"","meta":{"footnotes":""},"class_list":["post-1689","page","type-page","status-publish","has-post-thumbnail"],"_links":{"self":[{"href":"https:\/\/ambtottancat.com\/ca\/wp-json\/wp\/v2\/pages\/1689","targetHints":{"allow":["GET"]}}],"collection":[{"href":"https:\/\/ambtottancat.com\/ca\/wp-json\/wp\/v2\/pages"}],"about":[{"href":"https:\/\/ambtottancat.com\/ca\/wp-json\/wp\/v2\/types\/page"}],"author":[{"embeddable":true,"href":"https:\/\/ambtottancat.com\/ca\/wp-json\/wp\/v2\/users\/1"}],"replies":[{"embeddable":true,"href":"https:\/\/ambtottancat.com\/ca\/wp-json\/wp\/v2\/comments?post=1689"}],"version-history":[{"count":0,"href":"https:\/\/ambtottancat.com\/ca\/wp-json\/wp\/v2\/pages\/1689\/revisions"}],"wp:featuredmedia":[{"embeddable":true,"href":"https:\/\/ambtottancat.com\/ca\/wp-json\/wp\/v2\/media\/1587"}],"wp:attachment":[{"href":"https:\/\/ambtottancat.com\/ca\/wp-json\/wp\/v2\/media?parent=1689"}],"curies":[{"name":"wp","href":"https:\/\/api.w.org\/{rel}","templated":true}]}}