{"id":1697,"date":"2023-06-26T11:36:59","date_gmt":"2023-06-26T09:36:59","guid":{"rendered":"https:\/\/ambtottancat.com\/serveis\/serralleria\/"},"modified":"2025-11-26T18:31:53","modified_gmt":"2025-11-26T16:31:53","slug":"serralleria-durgencia","status":"publish","type":"page","link":"https:\/\/ambtottancat.com\/ca\/serveis\/serralleria-durgencia\/","title":{"rendered":"Serralleria d&#8217;Urg\u00e8ncia a Barcelona"},"content":{"rendered":"<div class=\"gb-container gb-container-c1a20ec3 alignfull\">\n<div class=\"gb-container gb-container-4c709a75\">\n<div class=\"gb-grid-wrapper gb-grid-wrapper-32b34536\">\n<div class=\"gb-grid-column gb-grid-column-d91c8984\"><div class=\"gb-container gb-container-d91c8984\">\n\n<figure class=\"wp-block-image size-full is-style-default\"><img loading=\"lazy\" decoding=\"async\" width=\"1080\" height=\"1080\" src=\"https:\/\/ambtottancat.com\/wp-content\/uploads\/2024\/01\/6.jpg\" alt=\"Serralleria d'Urg\u00e8ncia\" class=\"wp-image-3404\" srcset=\"https:\/\/ambtottancat.com\/wp-content\/uploads\/2024\/01\/6.jpg 1080w, https:\/\/ambtottancat.com\/wp-content\/uploads\/2024\/01\/6-300x300.jpg 300w, https:\/\/ambtottancat.com\/wp-content\/uploads\/2024\/01\/6-1024x1024.jpg 1024w, https:\/\/ambtottancat.com\/wp-content\/uploads\/2024\/01\/6-150x150.jpg 150w, https:\/\/ambtottancat.com\/wp-content\/uploads\/2024\/01\/6-768x768.jpg 768w\" sizes=\"auto, (max-width: 1080px) 100vw, 1080px\" \/><\/figure>\n\n<\/div><\/div>\n\n<div class=\"gb-grid-column gb-grid-column-a3c77465\"><div class=\"gb-container gb-container-a3c77465\">\n\n<h2 class=\"wp-block-heading has-accent-color has-text-color\" style=\"font-size:30px;font-style:normal;font-weight:400\">LA IMPORT\u00c0NCIA D&#8217;UNA SERRALLERIA D&#8217;URG\u00c8NCIA DE QUALITAT<\/h2>\n\n\n\n<p>A la vibrant ciutat de Barcelona, on cada segon \u00e9s valu\u00f3s, un contratemps amb els teus panys pot ser m\u00e9s que un simple inconvenient. Per aix\u00f2, a Amb Tot Tancat, oferim un servei de <strong>serralleria d&#8217;urg\u00e8ncia<\/strong> disponible a qualsevol hora del dia, cada dia de la setmana, exclusivament a Barcelona. El nostre equip de serrallers professionals est\u00e0 llest per actuar immediatament davant de qualsevol emerg\u00e8ncia.<\/p>\n\n<\/div><\/div>\n<\/div>\n<\/div>\n<\/div>\n\n<div class=\"gb-container gb-container-4c5bb370 alignfull\">\n<div class=\"gb-container gb-container-60fab623\">\n\n<h2 class=\"gb-headline gb-headline-81e9ca78 gb-headline-text\">SERVEI DE SERRALLERIA D&#8217;URG\u00c8NCIA: R\u00c0PID I CONFIABLE<\/h2>\n\n\n<div class=\"gb-grid-wrapper gb-grid-wrapper-a6995b28\">\n<div class=\"gb-grid-column gb-grid-column-eecec400\"><div class=\"gb-container gb-container-eecec400\">\n\n<h3 class=\"wp-block-heading\" style=\"font-size:27px\">Disponibilitat Garantida a Barcelona<\/h3>\n\n\n\n<p>Tant se val a quin barri de Barcelona et trobis, el nostre servei de many\u00e0 d&#8217;urg\u00e8ncia est\u00e0 dissenyat per cobrir tota la ciutat. Des del G\u00f2tic fins a Gr\u00e0cia, estem a punt per atendre&#8217;t.<\/p>\n\n\n\n<h2 class=\"wp-block-heading\" style=\"font-size:27px\">Temps de Resposta \u00d2ptim<\/h2>\n\n\n\n<p>Conscients de la din\u00e0mica urbana de Barcelona, ens esforcem per oferir un temps de resposta inigualable. Els nostres serrallers, equipats amb les eines i el coneixement necessaris, arribaran a la teva ubicaci\u00f3 r\u00e0pidament.<\/p>\n\n<\/div><\/div>\n\n<div class=\"gb-grid-column gb-grid-column-fc4b4ce1\"><div class=\"gb-container gb-container-fc4b4ce1\">\n\n<figure class=\"wp-block-image size-full wp-duotone-rgb000-ccc-1\"><img loading=\"lazy\" decoding=\"async\" width=\"1920\" height=\"1080\" src=\"https:\/\/ambtottancat.com\/wp-content\/uploads\/2024\/01\/9-1.jpg\" alt=\"Serralleria d'Urg\u00e8ncia\" class=\"wp-image-3407\" style=\"aspect-ratio:4\/3;object-fit:cover\" srcset=\"https:\/\/ambtottancat.com\/wp-content\/uploads\/2024\/01\/9-1.jpg 1920w, https:\/\/ambtottancat.com\/wp-content\/uploads\/2024\/01\/9-1-300x169.jpg 300w, https:\/\/ambtottancat.com\/wp-content\/uploads\/2024\/01\/9-1-1024x576.jpg 1024w, https:\/\/ambtottancat.com\/wp-content\/uploads\/2024\/01\/9-1-768x432.jpg 768w, https:\/\/ambtottancat.com\/wp-content\/uploads\/2024\/01\/9-1-1536x864.jpg 1536w\" sizes=\"auto, (max-width: 1920px) 100vw, 1920px\" \/><\/figure>\n\n<\/div><\/div>\n<\/div>\n<\/div>\n<\/div>\n\n<div class=\"gb-container gb-container-e888644d smooth-scroll alignfull\">\n<div class=\"gb-container gb-container-8475d5fb\">\n\n<a class=\"gb-button gb-button-a719294d gb-button-text\" href=\"#contactar\">Contactar<\/a>\n\n<\/div>\n<\/div>\n\n<div class=\"gb-container gb-container-c8af1006 alignfull\">\n<div class=\"gb-container gb-container-f39ae689\">\n\n<h2 class=\"gb-headline gb-headline-5913fc69 gb-headline-text\">SOLUCIONS INTEGRALS DE SERRALLERIA A BARCELONA<\/h2>\n\n<\/div>\n\n<div class=\"gb-container gb-container-caa5c6c7\">\n<div class=\"gb-grid-wrapper gb-grid-wrapper-b74e4745\">\n<div class=\"gb-grid-column gb-grid-column-59168bb9\"><div class=\"gb-container gb-container-59168bb9\">\n\n<figure class=\"wp-block-image size-full\"><img loading=\"lazy\" decoding=\"async\" width=\"1920\" height=\"1080\" src=\"https:\/\/ambtottancat.com\/wp-content\/uploads\/2024\/01\/8.jpg\" alt=\"Serralleria d'Urg\u00e8ncia\" class=\"wp-image-3409\" style=\"aspect-ratio:4\/3;object-fit:cover\" srcset=\"https:\/\/ambtottancat.com\/wp-content\/uploads\/2024\/01\/8.jpg 1920w, https:\/\/ambtottancat.com\/wp-content\/uploads\/2024\/01\/8-300x169.jpg 300w, https:\/\/ambtottancat.com\/wp-content\/uploads\/2024\/01\/8-1024x576.jpg 1024w, https:\/\/ambtottancat.com\/wp-content\/uploads\/2024\/01\/8-768x432.jpg 768w, https:\/\/ambtottancat.com\/wp-content\/uploads\/2024\/01\/8-1536x864.jpg 1536w\" sizes=\"auto, (max-width: 1920px) 100vw, 1920px\" \/><\/figure>\n\n<\/div><\/div>\n\n<div class=\"gb-grid-column gb-grid-column-a374d8b2\"><div class=\"gb-container gb-container-a374d8b2\">\n\n<h3 class=\"wp-block-heading\" style=\"font-size:27px\">Obertures Sense Danys<\/h3>\n\n\n\n<p>Si t&#8217;has quedat fora de casa teva o negoci, realitzem obertures de portes sense fer malb\u00e9 el pany o l&#8217;estructura de la porta.<\/p>\n\n\n\n<h2 class=\"wp-block-heading\" style=\"font-size:27px\">Panys de Seguretat<\/h2>\n\n\n\n<p>Actualitzem i reparem panys per refor\u00e7ar la seguretat de la teva propietat, utilitzant els sistemes m\u00e9s avan\u00e7ats del mercat.<\/p>\n\n<\/div><\/div>\n<\/div>\n<\/div>\n<\/div>\n\n<div class=\"gb-container gb-container-3caf4ecc alignfull\">\n<div class=\"gb-container gb-container-3a3cd31f\">\n\n<h2 class=\"gb-headline gb-headline-7fe70716 gb-headline-text\">COMPROM\u00cdS AMB LA QUALITAT I SEGURETAT<\/h2>\n\n\n<div class=\"gb-grid-wrapper gb-grid-wrapper-ff7bf135\">\n<div class=\"gb-grid-column gb-grid-column-1ab7574b\"><div class=\"gb-container gb-container-1ab7574b\">\n<div class=\"wp-block-image\">\n<figure class=\"aligncenter size-full is-resized\"><img loading=\"lazy\" decoding=\"async\" width=\"500\" height=\"500\" src=\"https:\/\/ambtottancat.com\/wp-content\/uploads\/2023\/11\/5-1.png\" alt=\"\" class=\"wp-image-2324\" style=\"width:83px;height:auto\" srcset=\"https:\/\/ambtottancat.com\/wp-content\/uploads\/2023\/11\/5-1.png 500w, https:\/\/ambtottancat.com\/wp-content\/uploads\/2023\/11\/5-1-300x300.png 300w, https:\/\/ambtottancat.com\/wp-content\/uploads\/2023\/11\/5-1-150x150.png 150w\" sizes=\"auto, (max-width: 500px) 100vw, 500px\" \/><\/figure>\n<\/div>\n<\/div><\/div>\n\n<div class=\"gb-grid-column gb-grid-column-6e6d15d1\"><div class=\"gb-container gb-container-6e6d15d1\">\n\n<h3 class=\"wp-block-heading\">Materials de Primera L\u00ednia<\/h3>\n\n<\/div><\/div>\n\n<div class=\"gb-grid-column gb-grid-column-8a675d54\"><div class=\"gb-container gb-container-8a675d54\">\n\n<p>A Amb Tot Tancat, seleccionem acuradament els materials i panys de la m\u00e9s alta qualitat. Treballem amb marques reconegudes que garanteixen resist\u00e8ncia i durabilitat, assegurant que les solucions que oferim a Barcelona no nom\u00e9s siguin efectives sin\u00f3 tamb\u00e9 perdurables.<\/p>\n\n<\/div><\/div>\n<\/div>\n\n<div class=\"gb-grid-wrapper gb-grid-wrapper-fd37a95e\">\n<div class=\"gb-grid-column gb-grid-column-474e02de\"><div class=\"gb-container gb-container-474e02de\">\n<div class=\"wp-block-image\">\n<figure class=\"aligncenter size-full is-resized\"><img loading=\"lazy\" decoding=\"async\" width=\"500\" height=\"500\" src=\"https:\/\/ambtottancat.com\/wp-content\/uploads\/2023\/11\/6-2.png\" alt=\"\" class=\"wp-image-2326\" style=\"width:93px\" srcset=\"https:\/\/ambtottancat.com\/wp-content\/uploads\/2023\/11\/6-2.png 500w, https:\/\/ambtottancat.com\/wp-content\/uploads\/2023\/11\/6-2-300x300.png 300w, https:\/\/ambtottancat.com\/wp-content\/uploads\/2023\/11\/6-2-150x150.png 150w\" sizes=\"auto, (max-width: 500px) 100vw, 500px\" \/><\/figure>\n<\/div>\n<\/div><\/div>\n\n<div class=\"gb-grid-column gb-grid-column-1d05640b\"><div class=\"gb-container gb-container-1d05640b\">\n\n<h3 class=\"wp-block-heading\">Innovaci\u00f3 en Seguretat<\/h3>\n\n<\/div><\/div>\n\n<div class=\"gb-grid-column gb-grid-column-e0120a1a\"><div class=\"gb-container gb-container-e0120a1a\">\n\n<p>La seguretat evoluciona constantment, i nosaltres tamb\u00e9. Estem al corrent de les darreres innovacions en serralleria i sistemes de seguretat, oferint als nostres clients a Barcelona l&#8217;\u00faltima tecnologia per protegir les seves llars i negocis.<\/p>\n\n<\/div><\/div>\n<\/div>\n\n<div class=\"gb-grid-wrapper gb-grid-wrapper-42ee78dd\">\n<div class=\"gb-grid-column gb-grid-column-c5cd995e\"><div class=\"gb-container gb-container-c5cd995e\">\n<div class=\"wp-block-image\">\n<figure class=\"aligncenter size-medium is-resized\"><img loading=\"lazy\" decoding=\"async\" width=\"300\" height=\"300\" src=\"https:\/\/ambtottancat.com\/wp-content\/uploads\/2023\/11\/7-1-300x300.png\" alt=\"\" class=\"wp-image-2328\" style=\"width:99px;height:auto\" srcset=\"https:\/\/ambtottancat.com\/wp-content\/uploads\/2023\/11\/7-1-300x300.png 300w, https:\/\/ambtottancat.com\/wp-content\/uploads\/2023\/11\/7-1-150x150.png 150w, https:\/\/ambtottancat.com\/wp-content\/uploads\/2023\/11\/7-1.png 500w\" sizes=\"auto, (max-width: 300px) 100vw, 300px\" \/><\/figure>\n<\/div>\n<\/div><\/div>\n\n<div class=\"gb-grid-column gb-grid-column-52c60d5f\"><div class=\"gb-container gb-container-52c60d5f\">\n\n<h3 class=\"wp-block-heading\">Atenci\u00f3 Personalitzada<\/h3>\n\n<\/div><\/div>\n\n<div class=\"gb-grid-column gb-grid-column-b036e9e5\"><div class=\"gb-container gb-container-b036e9e5\">\n\n<p>Cada client i cada situaci\u00f3 \u00e9s \u00fanica. Per aix\u00f2, el nostre servei de many\u00e0 d&#8217;urg\u00e8ncia inclou una atenci\u00f3 personalitzada, assegurant que les solucions proporcionades s&#8217;ajustin perfectament a les necessitats espec\u00edfiques.<\/p>\n\n<\/div><\/div>\n<\/div>\n<\/div>\n<\/div>\n\n<div class=\"gb-container gb-container-d0e50a9c alignfull\">\n<div class=\"gb-container gb-container-85e22dba\">\n\n<h2 class=\"gb-headline gb-headline-7d2fe545 gb-headline-text\">M\u00c9S QUE UN SERVEI D&#8217;URG\u00c8NCIA<\/h2>\n\n<\/div>\n\n<div class=\"gb-container gb-container-d18a9c4f\">\n\n<div class=\"wp-block-columns are-vertically-aligned-center is-layout-flex wp-container-core-columns-is-layout-9d6595d7 wp-block-columns-is-layout-flex\">\n<div class=\"wp-block-column is-vertically-aligned-center is-layout-flow wp-block-column-is-layout-flow\" style=\"flex-basis:66.66%\">\n<h3 class=\"wp-block-heading\" style=\"font-size:27px\">Assessorament Professional<\/h3>\n\n\n\n<p>Els nostres experts estan disponibles per assessorar-te sobre com millorar la seguretat de la teva propietat, oferint-te opcions que s&#8217;ajustin al teu pressupost i requeriments.<\/p>\n\n\n\n<h2 class=\"wp-block-heading\" style=\"font-size:27px\">Manteniment Preventiu<\/h2>\n\n\n\n<p>A m\u00e9s d&#8217;atendre emerg\u00e8ncies, oferim serveis de manteniment preventiu perqu\u00e8 els teus panys i sistemes de seguretat estiguin sempre en condicions \u00f2ptimes.<\/p>\n<\/div>\n\n\n\n<div class=\"wp-block-column is-vertically-aligned-center is-layout-flow wp-block-column-is-layout-flow\" style=\"flex-basis:33.33%\">\n<figure class=\"wp-block-image size-full\"><img loading=\"lazy\" decoding=\"async\" width=\"600\" height=\"690\" src=\"https:\/\/ambtottancat.com\/wp-content\/uploads\/2023\/05\/IMAGE-1.png\" alt=\"Serralleria d'Urg\u00e8ncia\" class=\"wp-image-766\" style=\"aspect-ratio:4\/3;object-fit:cover\" srcset=\"https:\/\/ambtottancat.com\/wp-content\/uploads\/2023\/05\/IMAGE-1.png 600w, https:\/\/ambtottancat.com\/wp-content\/uploads\/2023\/05\/IMAGE-1-261x300.png 261w\" sizes=\"auto, (max-width: 600px) 100vw, 600px\" \/><\/figure>\n<\/div>\n<\/div>\n\n<\/div>\n<\/div>\n\n<div class=\"gb-container gb-container-e888644d smooth-scroll alignfull\">\n<div class=\"gb-container gb-container-8475d5fb\">\n\n<a class=\"gb-button gb-button-a719294d gb-button-text\" href=\"#contactar\">Contactar<\/a>\n\n<\/div>\n<\/div>\n\n<div class=\"gb-container gb-container-ca3f682a alignfull\">\n<div class=\"gb-container gb-container-37eccac4\">\n<div class=\"gb-grid-wrapper gb-grid-wrapper-bad749ac\">\n<div class=\"gb-grid-column gb-grid-column-912af2cd\"><div class=\"gb-container gb-container-912af2cd\">\n\n<figure class=\"wp-block-image size-full is-style-default\"><img loading=\"lazy\" decoding=\"async\" width=\"1080\" height=\"1080\" src=\"https:\/\/ambtottancat.com\/wp-content\/uploads\/2024\/01\/7.jpg\" alt=\"Serralleria d'Urg\u00e8ncia\" class=\"wp-image-3411\" style=\"aspect-ratio:1;object-fit:cover\" srcset=\"https:\/\/ambtottancat.com\/wp-content\/uploads\/2024\/01\/7.jpg 1080w, https:\/\/ambtottancat.com\/wp-content\/uploads\/2024\/01\/7-300x300.jpg 300w, https:\/\/ambtottancat.com\/wp-content\/uploads\/2024\/01\/7-1024x1024.jpg 1024w, https:\/\/ambtottancat.com\/wp-content\/uploads\/2024\/01\/7-150x150.jpg 150w, https:\/\/ambtottancat.com\/wp-content\/uploads\/2024\/01\/7-768x768.jpg 768w\" sizes=\"auto, (max-width: 1080px) 100vw, 1080px\" \/><\/figure>\n\n<\/div><\/div>\n\n<div class=\"gb-grid-column gb-grid-column-41d446fa\"><div class=\"gb-container gb-container-41d446fa\">\n\n<h2 class=\"gb-headline gb-headline-a3d21f4b gb-headline-text\">COMPROM\u00cdS A LLARG TERMINI<\/h2>\n\n\n\n<p>La nostra relaci\u00f3 amb els clients no s&#8217;acaba despr\u00e9s d&#8217;una intervenci\u00f3. Ens comprometem a ser el teu aliat de confian\u00e7a en seguretat, disponible sempre que ens necessitis a Barcelona.<\/p>\n\n<\/div><\/div>\n<\/div>\n<\/div>\n<\/div>\n\n<div class=\"gb-container gb-container-7a9638d3 alignfull\"><div class=\"gb-inside-container\">\n<div class=\"gb-grid-wrapper gb-grid-wrapper-e875819b\">\n<div class=\"gb-grid-column gb-grid-column-ac56b380\"><div class=\"gb-container gb-container-ac56b380\"><div class=\"gb-inside-container\"><\/div><\/div><\/div>\n\n<div class=\"gb-grid-column gb-grid-column-d10430f6\"><div class=\"gb-container gb-container-d10430f6 container-gb-2233\" id=\"contactar\"><div class=\"gb-inside-container\">\n\n<h2 class=\"gb-headline gb-headline-e9bb6e62 gb-headline-text\">contacta&#8217;ns A TRAV\u00c9S DE LA WEB I ACONSEGUEIX UN <strong>15% DE DESCOMPTE<\/strong><\/h2>\n\n\n\n<p class=\"has-text-align-left has-contrast-color has-text-color has-link-color wp-elements-3822ebb9cf33b53a875c72d83f01a9c0\">En cas d&#8217;<strong>urg\u00e8ncies 24 hores<\/strong>, contacta&#8217;ns en qualsevol moment i enviarem un professional a la teva ubicaci\u00f3. No importa la gran o complexitat que sigui la feina, amb la nostra experi\u00e8ncia i \u00e0mplia varietat d&#8217;eines podem trobar la soluci\u00f3 perfecta.<\/p>\n\n\n\n<p class=\"gb-headline gb-headline-c33ed3db gb-headline-text\">Tens un projecte al cap?<br>Omple el formulari i ens posarem en contacte amb tu.<\/p>\n\n\n<p><iframe\n    src=\"https:\/\/updates.ecoseo.net\/widget\/form\/YJZUIwywISjKNLhjZmq8\"\n    style=\"width:100%;height:100%;border:none;border-radius:3px\"\n    id=\"inline-YJZUIwywISjKNLhjZmq8\" \n    data-layout=\"{'id':'INLINE'}\"\n    data-trigger-type=\"alwaysShow\"\n    data-trigger-value=\"\"\n    data-activation-type=\"alwaysActivated\"\n    data-activation-value=\"\"\n    data-deactivation-type=\"neverDeactivate\"\n    data-deactivation-value=\"\"\n    data-form-name=\"Form Web Cerrajero de Urgencia - CAT\"\n    data-height=\"647\"\n    data-layout-iframe-id=\"inline-YJZUIwywISjKNLhjZmq8\"\n    data-form-id=\"YJZUIwywISjKNLhjZmq8\"\n    title=\"Form Web Cerrajero de Urgencia - CAT\"\n        ><br \/>\n<\/iframe><br \/>\n<script src=\"https:\/\/updates.ecoseo.net\/js\/form_embed.js\"><\/script><\/p>\n\n<\/div><\/div><\/div>\n<\/div>\n<\/div><\/div>\n\n<div class=\"gb-container gb-container-7b9d47b7 alignfull\">\n<div class=\"gb-container gb-container-52aa2dac\">\n\n<h2 class=\"gb-headline gb-headline-48ef26c6 gb-headline-text\">PREGUNTES FREQ\u00dcENTS (FAQ)<\/h2>\n\n\n<div id=\"rank-math-faq\" class=\"rank-math-block\">\n<div class=\"rank-math-list \">\n<div id=\"faq-question-1697987201261\" class=\"rank-math-list-item\">\n<h3 class=\"rank-math-question \">1. Quant de temps trigar\u00e0 el many\u00e0 d&#8217;urg\u00e8ncia a arribar a la meva ubicaci\u00f3 a Barcelona?<\/h3>\n<div class=\"rank-math-answer \">\n\n<p>El nostre temps de resposta mitjana \u00e9s de 20 a 30 minuts, depenent de la teva ubicaci\u00f3 dins de la ciutat.<\/p>\n\n<\/div>\n<\/div>\n<div id=\"faq-question-1697987210106\" class=\"rank-math-list-item\">\n<h3 class=\"rank-math-question \">2. Quina garantia ofereixen als seus serveis de serralleria?<\/h3>\n<div class=\"rank-math-answer \">\n\n<p>Tots els nostres serveis de serralleria tenen una garantia de satisfacci\u00f3. Si sorgeix algun problema amb el treball realitzat, ens comprometem a resoldre&#8217;l sense cap cost addicional.<\/p>\n\n<\/div>\n<\/div>\n<div id=\"faq-question-1697987262773\" class=\"rank-math-list-item\">\n<h3 class=\"rank-math-question \">3. Quins protocols segueixen els serrallers per assegurar la privadesa i seguretat dels clients?<\/h3>\n<div class=\"rank-math-answer \">\n\n<p>Els nostres serrallers estan altament entrenats en protocols de privadesa i seguretat. Realitzen el seu treball amb discreci\u00f3 i respecte per la propietat i la informaci\u00f3 del client, assegurant una intervenci\u00f3 segura i confidencial.<\/p>\n\n<\/div>\n<\/div>\n<div id=\"faq-question-1699310490747\" class=\"rank-math-list-item\">\n<h3 class=\"rank-math-question \">4. Com puc saber si necessito actualitzar el meu sistema de seguretat actual?<\/h3>\n<div class=\"rank-math-answer \">\n\n<p>El nostre equip d&#8217;experts pot realitzar una avaluaci\u00f3 de seguretat de la teva propietat i recomanar-te les actualitzacions necess\u00e0ries per assegurar que el teu sistema de serralleria compleixi els est\u00e0ndards de seguretat m\u00e9s actuals.<\/p>\n\n<\/div>\n<\/div>\n<\/div>\n<\/div>\n\n<div class=\"gb-button-wrapper gb-button-wrapper-da944254\">\n\n<a class=\"gb-button gb-button-76312997\" href=\"https:\/\/www.facebook.com\/ambtottancat\" target=\"_blank\" rel=\"noopener\"><span class=\"gb-icon\"><svg xmlns=\"http:\/\/www.w3.org\/2000\/svg\" viewBox=\"0 0 320 512\" width=\"1em\" height=\"1em\" aria-hidden=\"true\"><path d=\"M279.14 288l14.22-92.66h-88.91v-60.13c0-25.35 12.42-50.06 52.24-50.06h40.42V6.26S260.43 0 225.36 0c-73.22 0-121.08 44.38-121.08 124.72v70.62H22.89V288h81.39v224h100.17V288z\" fill=\"currentColor\"><\/path><\/svg><\/span><\/a>\n\n\n\n<a class=\"gb-button gb-button-062ed5cf\" href=\"https:\/\/www.instagram.com\/ambtottancat\/\" target=\"_blank\" rel=\"noopener noreferrer\"><span class=\"gb-icon\"><svg xmlns=\"http:\/\/www.w3.org\/2000\/svg\" viewBox=\"0 0 448 512\" width=\"1em\" height=\"1em\" aria-hidden=\"true\"><path d=\"M224.1 141c-63.6 0-114.9 51.3-114.9 114.9s51.3 114.9 114.9 114.9S339 319.5 339 255.9 287.7 141 224.1 141zm0 189.6c-41.1 0-74.7-33.5-74.7-74.7s33.5-74.7 74.7-74.7 74.7 33.5 74.7 74.7-33.6 74.7-74.7 74.7zm146.4-194.3c0 14.9-12 26.8-26.8 26.8-14.9 0-26.8-12-26.8-26.8s12-26.8 26.8-26.8 26.8 12 26.8 26.8zm76.1 27.2c-1.7-35.9-9.9-67.7-36.2-93.9-26.2-26.2-58-34.4-93.9-36.2-37-2.1-147.9-2.1-184.9 0-35.8 1.7-67.6 9.9-93.9 36.1s-34.4 58-36.2 93.9c-2.1 37-2.1 147.9 0 184.9 1.7 35.9 9.9 67.7 36.2 93.9s58 34.4 93.9 36.2c37 2.1 147.9 2.1 184.9 0 35.9-1.7 67.7-9.9 93.9-36.2 26.2-26.2 34.4-58 36.2-93.9 2.1-37 2.1-147.8 0-184.8zM398.8 388c-7.8 19.6-22.9 34.7-42.6 42.6-29.5 11.7-99.5 9-132.1 9s-102.7 2.6-132.1-9c-19.6-7.8-34.7-22.9-42.6-42.6-11.7-29.5-9-99.5-9-132.1s-2.6-102.7 9-132.1c7.8-19.6 22.9-34.7 42.6-42.6 29.5-11.7 99.5-9 132.1-9s102.7-2.6 132.1 9c19.6 7.8 34.7 22.9 42.6 42.6 11.7 29.5 9 99.5 9 132.1s2.7 102.7-9 132.1z\" fill=\"currentColor\"><\/path><\/svg><\/span><\/a>\n\n\n\n<a class=\"gb-button gb-button-9b48ae64\" href=\"https:\/\/twitter.com\/ambtottancat?s=20\" target=\"_blank\" rel=\"noopener\"><span class=\"gb-icon\"><svg xmlns=\"http:\/\/www.w3.org\/2000\/svg\" viewBox=\"0 0 512 512\" width=\"1em\" height=\"1em\" aria-hidden=\"true\"><path d=\"M459.37 151.716c.325 4.548.325 9.097.325 13.645 0 138.72-105.583 298.558-298.558 298.558-59.452 0-114.68-17.219-161.137-47.106 8.447.974 16.568 1.299 25.34 1.299 49.055 0 94.213-16.568 130.274-44.832-46.132-.975-84.792-31.188-98.112-72.772 6.498.974 12.995 1.624 19.818 1.624 9.421 0 18.843-1.3 27.614-3.573-48.081-9.747-84.143-51.98-84.143-102.985v-1.299c13.969 7.797 30.214 12.67 47.431 13.319-28.264-18.843-46.781-51.005-46.781-87.391 0-19.492 5.197-37.36 14.294-52.954 51.655 63.675 129.3 105.258 216.365 109.807-1.624-7.797-2.599-15.918-2.599-24.04 0-57.828 46.782-104.934 104.934-104.934 30.213 0 57.502 12.67 76.67 33.137 23.715-4.548 46.456-13.32 66.599-25.34-7.798 24.366-24.366 44.833-46.132 57.827 21.117-2.273 41.584-8.122 60.426-16.243-14.292 20.791-32.161 39.308-52.628 54.253z\" fill=\"currentColor\"><\/path><\/svg><\/span><\/a>\n\n\n\n<a class=\"gb-button gb-button-9667374b\" href=\"https:\/\/www.youtube.com\/@ambtottancat\" target=\"_blank\" rel=\"noopener\"><span class=\"gb-icon\"><svg aria-hidden=\"true\" role=\"img\" height=\"1em\" width=\"1em\" viewBox=\"0 0 576 512\" xmlns=\"http:\/\/www.w3.org\/2000\/svg\"><path fill=\"currentColor\" d=\"M549.655 124.083c-6.281-23.65-24.787-42.276-48.284-48.597C458.781 64 288 64 288 64S117.22 64 74.629 75.486c-23.497 6.322-42.003 24.947-48.284 48.597-11.412 42.867-11.412 132.305-11.412 132.305s0 89.438 11.412 132.305c6.281 23.65 24.787 41.5 48.284 47.821C117.22 448 288 448 288 448s170.78 0 213.371-11.486c23.497-6.321 42.003-24.171 48.284-47.821 11.412-42.867 11.412-132.305 11.412-132.305s0-89.438-11.412-132.305zm-317.51 213.508V175.185l142.739 81.205-142.739 81.201z\"><\/path><\/svg><\/span><\/a>\n\n<\/div>\n\n<div class=\"gb-button-wrapper gb-button-wrapper-b4b95af6\">\n\n<a class=\"gb-button gb-button-4d5302f9 gb-button-text\" href=\"https:\/\/ambtottancat.com\/ca\/contacte\/\">CONTACTE<\/a>\n\n<\/div>\n<\/div>\n<\/div>","protected":false},"excerpt":{"rendered":"<p>SERVEI DE SERRALLERIA D&#8217;URG\u00c8NCIA: R\u00c0PID I CONFIABLE SOLUCIONS INTEGRALS DE SERRALLERIA A BARCELONA COMPROM\u00cdS AMB &#8230; <a title=\"Serralleria d&#8217;Urg\u00e8ncia a Barcelona\" class=\"read-more\" href=\"https:\/\/ambtottancat.com\/ca\/serveis\/serralleria-durgencia\/\" aria-label=\"M\u00e9s informaci\u00f3 sobre Serralleria d&#8217;Urg\u00e8ncia a Barcelona\">Read more<\/a><\/p>\n","protected":false},"author":1,"featured_media":1599,"parent":1693,"menu_order":0,"comment_status":"closed","ping_status":"closed","template":"","meta":{"footnotes":""},"class_list":["post-1697","page","type-page","status-publish","has-post-thumbnail"],"_links":{"self":[{"href":"https:\/\/ambtottancat.com\/ca\/wp-json\/wp\/v2\/pages\/1697","targetHints":{"allow":["GET"]}}],"collection":[{"href":"https:\/\/ambtottancat.com\/ca\/wp-json\/wp\/v2\/pages"}],"about":[{"href":"https:\/\/ambtottancat.com\/ca\/wp-json\/wp\/v2\/types\/page"}],"author":[{"embeddable":true,"href":"https:\/\/ambtottancat.com\/ca\/wp-json\/wp\/v2\/users\/1"}],"replies":[{"embeddable":true,"href":"https:\/\/ambtottancat.com\/ca\/wp-json\/wp\/v2\/comments?post=1697"}],"version-history":[{"count":0,"href":"https:\/\/ambtottancat.com\/ca\/wp-json\/wp\/v2\/pages\/1697\/revisions"}],"up":[{"embeddable":true,"href":"https:\/\/ambtottancat.com\/ca\/wp-json\/wp\/v2\/pages\/1693"}],"wp:featuredmedia":[{"embeddable":true,"href":"https:\/\/ambtottancat.com\/ca\/wp-json\/wp\/v2\/media\/1599"}],"wp:attachment":[{"href":"https:\/\/ambtottancat.com\/ca\/wp-json\/wp\/v2\/media?parent=1697"}],"curies":[{"name":"wp","href":"https:\/\/api.w.org\/{rel}","templated":true}]}}