{"id":3172,"date":"2023-11-22T15:08:34","date_gmt":"2023-11-22T13:08:34","guid":{"rendered":"https:\/\/ambtottancat.com\/serveis\/blindatge-de-portes-antigues-2\/"},"modified":"2025-11-26T18:31:10","modified_gmt":"2025-11-26T16:31:10","slug":"blindatge-de-portes-antigues","status":"publish","type":"page","link":"https:\/\/ambtottancat.com\/ca\/serveis\/blindatge-de-portes-antigues\/","title":{"rendered":"Blindatge de Portes Antigues"},"content":{"rendered":"<div class=\"gb-container gb-container-c1a20ec3 alignfull\">\n<div class=\"gb-container gb-container-4c709a75\">\n<div class=\"gb-grid-wrapper gb-grid-wrapper-32b34536\">\n<div class=\"gb-grid-column gb-grid-column-d91c8984\"><div class=\"gb-container gb-container-d91c8984\">\n\n<figure class=\"wp-block-image size-full is-style-default\"><img loading=\"lazy\" decoding=\"async\" width=\"1080\" height=\"1080\" src=\"https:\/\/ambtottancat.com\/wp-content\/uploads\/2024\/01\/4.jpg\" alt=\"Blindatge de Portes Antigues\" class=\"wp-image-3393\" srcset=\"https:\/\/ambtottancat.com\/wp-content\/uploads\/2024\/01\/4.jpg 1080w, https:\/\/ambtottancat.com\/wp-content\/uploads\/2024\/01\/4-300x300.jpg 300w, https:\/\/ambtottancat.com\/wp-content\/uploads\/2024\/01\/4-1024x1024.jpg 1024w, https:\/\/ambtottancat.com\/wp-content\/uploads\/2024\/01\/4-150x150.jpg 150w, https:\/\/ambtottancat.com\/wp-content\/uploads\/2024\/01\/4-768x768.jpg 768w\" sizes=\"auto, (max-width: 1080px) 100vw, 1080px\" \/><\/figure>\n\n<\/div><\/div>\n\n<div class=\"gb-grid-column gb-grid-column-a3c77465\"><div class=\"gb-container gb-container-a3c77465\">\n\n<h2 class=\"wp-block-heading has-accent-color has-text-color\" style=\"font-size:30px;font-style:normal;font-weight:400;text-transform:uppercase\">LA NECESSITAT DE REFOR\u00c7AR PORTES ANTIGUES<\/h2>\n\n\n\n<p>Les portes antigues, amb el seu encant i disseny cl\u00e0ssic, s\u00f3n una joia arquitect\u00f2nica que molts volen conservar. Tot i aix\u00f2, a menudo, aquests ports no ofereixen la seguretat necess\u00e0ria per enfrontar les amenazas actuals. Aqu\u00ed \u00e9s on el <strong>blindatge de portes antigues<\/strong> es converteix en una soluci\u00f3 essencial.<\/p>\n\n<\/div><\/div>\n<\/div>\n<\/div>\n<\/div>\n\n<div class=\"gb-container gb-container-4c5bb370 alignfull\">\n<div class=\"gb-container gb-container-c58b29c4\">\n\n<h2 class=\"wp-block-heading has-text-align-left has-accent-color has-text-color\" style=\"font-size:30px;font-style:normal;font-weight:400;text-transform:uppercase\">QU\u00c8 \u00c9S EL BLINDATGE DE PORTES ANTIGUES?<\/h2>\n\n\n\n<div class=\"wp-block-columns are-vertically-aligned-center is-layout-flex wp-container-core-columns-is-layout-9d6595d7 wp-block-columns-is-layout-flex\">\n<div class=\"wp-block-column is-vertically-aligned-center is-layout-flow wp-block-column-is-layout-flow\" style=\"flex-basis:66.66%\">\n<h3 class=\"wp-block-heading\" style=\"font-size:27px\">Un proc\u00e9s de transformaci\u00f3<\/h3>\n\n\n\n<p>El blindatge no \u00e9s simplement col\u00b7locar una xapa de metall a una porta. \u00c9s un proc\u00e9s meticul\u00f3s que cerca refor\u00e7ar la porta des del seu interior, mantenint la seva est\u00e8tica exterior intacta. A Amb Tot Tancat, ens assegurem que, despr\u00e9s del blindatge, la porta no nom\u00e9s sigui segura, sin\u00f3 que tamb\u00e9 conservi la seva bellesa original.<\/p>\n\n\n\n<h2 class=\"wp-block-heading\" style=\"font-size:27px\">Optimitzaci\u00f3 de la seguretat interna i externa<\/h2>\n\n\n\n<p>El proc\u00e9s de blindatge s&#8217;enfoca a mantenir l&#8217;aparen\u00e7a externa de la porta mentre que per dins es renova completament. La finalitat \u00e9s no deixar cap punt feble, assegurant que tot el per\u00edmetre de la porta i el marc estiguin protegits amb metall, cosa que impedeix l&#8217;\u00fas de palanques. Aquest m\u00e8tode refor\u00e7a l&#8217;estructura de la porta per prevenir-ne la ruptura i es complementa amb la instal\u00b7laci\u00f3 de panys d&#8217;alta seguretat, dissenyats per resistir les t\u00e8cniques m\u00e9s avan\u00e7ades emprades per lladres i ocupes per for\u00e7ar-les.<\/p>\n<\/div>\n\n\n\n<div class=\"wp-block-column is-vertically-aligned-center is-layout-flow wp-block-column-is-layout-flow\" style=\"flex-basis:33.33%\">\n<figure class=\"wp-block-image size-full\"><img loading=\"lazy\" decoding=\"async\" width=\"1200\" height=\"675\" src=\"https:\/\/ambtottancat.com\/wp-content\/uploads\/2024\/01\/9.jpg\" alt=\"Blindatge de Portes Antigues\" class=\"wp-image-3396\" style=\"aspect-ratio:4\/3;object-fit:cover\" srcset=\"https:\/\/ambtottancat.com\/wp-content\/uploads\/2024\/01\/9.jpg 1200w, https:\/\/ambtottancat.com\/wp-content\/uploads\/2024\/01\/9-300x169.jpg 300w, https:\/\/ambtottancat.com\/wp-content\/uploads\/2024\/01\/9-1024x576.jpg 1024w, https:\/\/ambtottancat.com\/wp-content\/uploads\/2024\/01\/9-768x432.jpg 768w\" sizes=\"auto, (max-width: 1200px) 100vw, 1200px\" \/><\/figure>\n<\/div>\n<\/div>\n\n<\/div>\n<\/div>\n\n<div class=\"gb-container gb-container-f237e27a alignfull\">\n<div class=\"gb-container gb-container-192f320a\">\n\n<h2 class=\"wp-block-heading has-text-align-left has-accent-color has-text-color\" style=\"font-size:30px;font-style:normal;font-weight:400;text-transform:uppercase\">BENEFICIS DEL BLINDATGE<\/h2>\n\n\n\n<div class=\"wp-block-columns is-layout-flex wp-container-core-columns-is-layout-9d6595d7 wp-block-columns-is-layout-flex\">\n<div class=\"wp-block-column is-layout-flow wp-block-column-is-layout-flow\"><div class=\"wp-block-image\">\n<figure class=\"aligncenter size-medium is-resized\"><img loading=\"lazy\" decoding=\"async\" width=\"300\" height=\"300\" src=\"https:\/\/ambtottancat.com\/wp-content\/uploads\/2023\/11\/1-300x300.png\" alt=\"\" class=\"wp-image-2185\" style=\"aspect-ratio:1;width:152px;height:auto\" srcset=\"https:\/\/ambtottancat.com\/wp-content\/uploads\/2023\/11\/1-300x300.png 300w, https:\/\/ambtottancat.com\/wp-content\/uploads\/2023\/11\/1-150x150.png 150w, https:\/\/ambtottancat.com\/wp-content\/uploads\/2023\/11\/1.png 500w\" sizes=\"auto, (max-width: 300px) 100vw, 300px\" \/><\/figure>\n<\/div>\n\n\n<h3 class=\"wp-block-heading has-text-align-left\">Protecci\u00f3 garantida de la propietat<\/h3>\n\n\n\n<p class=\"has-text-align-left\">Una porta antiga blindada ofereix una resist\u00e8ncia superior a cops, palanques i altres m\u00e8todes d\u02bbefracci\u00f3. \u00c9s una barrera robusta que protegeix la llar o el negoci de possibles amenaces.<\/p>\n<\/div>\n\n\n\n<div class=\"wp-block-column is-layout-flow wp-block-column-is-layout-flow\"><div class=\"wp-block-image\">\n<figure class=\"aligncenter size-full is-resized\"><img loading=\"lazy\" decoding=\"async\" width=\"500\" height=\"500\" src=\"https:\/\/ambtottancat.com\/wp-content\/uploads\/2023\/11\/ojo-2.png\" alt=\"\" class=\"wp-image-2211\" style=\"aspect-ratio:1;width:154px;height:auto\" srcset=\"https:\/\/ambtottancat.com\/wp-content\/uploads\/2023\/11\/ojo-2.png 500w, https:\/\/ambtottancat.com\/wp-content\/uploads\/2023\/11\/ojo-2-300x300.png 300w, https:\/\/ambtottancat.com\/wp-content\/uploads\/2023\/11\/ojo-2-150x150.png 150w\" sizes=\"auto, (max-width: 500px) 100vw, 500px\" \/><\/figure>\n<\/div>\n\n\n<h3 class=\"wp-block-heading has-text-align-left\">Conservaci\u00f3 del valor est\u00e8tic<\/h3>\n\n\n\n<p class=\"has-text-align-left\">El <strong>blindatge de portes antigues<\/strong> permet gaudir de la bellesa i l&#8217;eleg\u00e0ncia d&#8217;una porta cl\u00e0ssica amb la tranquil\u00b7litat de saber que est\u00e0 protegida contra riscos moderns.<\/p>\n<\/div>\n\n\n\n<div class=\"wp-block-column is-layout-flow wp-block-column-is-layout-flow\"><div class=\"wp-block-image\">\n<figure class=\"aligncenter size-full is-resized\"><img loading=\"lazy\" decoding=\"async\" width=\"500\" height=\"500\" src=\"https:\/\/ambtottancat.com\/wp-content\/uploads\/2023\/11\/3.png\" alt=\"\" class=\"wp-image-2189\" style=\"aspect-ratio:1;width:154px;height:auto\" srcset=\"https:\/\/ambtottancat.com\/wp-content\/uploads\/2023\/11\/3.png 500w, https:\/\/ambtottancat.com\/wp-content\/uploads\/2023\/11\/3-300x300.png 300w, https:\/\/ambtottancat.com\/wp-content\/uploads\/2023\/11\/3-150x150.png 150w\" sizes=\"auto, (max-width: 500px) 100vw, 500px\" \/><\/figure>\n<\/div>\n\n\n<h3 class=\"wp-block-heading has-text-align-left\">Augment del valor de la propietat<\/h3>\n\n\n\n<p class=\"has-text-align-left\">Una porta blindada no nom\u00e9s ofereix seguretat sin\u00f3 que tamb\u00e9 pot augmentar el valor de la propietat, essent un atractiu addicional per a possibles compradors o llogaters.<\/p>\n<\/div>\n<\/div>\n\n<\/div>\n<\/div>\n\n<div class=\"gb-container gb-container-e888644d smooth-scroll alignfull\">\n<div class=\"gb-container gb-container-8475d5fb\">\n\n<a class=\"gb-button gb-button-a719294d gb-button-text\" href=\"#contactar\">Contactar<\/a>\n\n<\/div>\n<\/div>\n\n<div class=\"gb-container gb-container-afa29edb alignfull\">\n<div class=\"gb-container gb-container-87a271de\">\n\n<h2 class=\"wp-block-heading has-text-align-left has-accent-color has-text-color\" style=\"font-size:30px;font-style:normal;font-weight:400;text-transform:uppercase\">EL PROC\u00c9S DE BLINDATGE AMB TOT TANCAT<\/h2>\n\n<\/div>\n\n<div class=\"gb-container gb-container-350fb479\">\n<div class=\"gb-grid-wrapper gb-grid-wrapper-7307f1bc\">\n<div class=\"gb-grid-column gb-grid-column-80aa9d3d\"><div class=\"gb-container gb-container-80aa9d3d\">\n<div class=\"gb-grid-wrapper gb-grid-wrapper-44c21fda\">\n<div class=\"gb-grid-column gb-grid-column-0fb8ded7\"><div class=\"gb-container gb-container-0fb8ded7\">\n\n<p class=\"gb-headline gb-headline-5bdca486 gb-headline-text\"><strong>1.<\/strong><\/p>\n\n<\/div><\/div>\n\n<div class=\"gb-grid-column gb-grid-column-e37bc272\"><div class=\"gb-container gb-container-e37bc272\">\n\n<h3 class=\"gb-headline gb-headline-b31ad217 gb-headline-text\">Avaluaci\u00f3 i Diagn\u00f2stic<\/h3>\n\n<\/div><\/div>\n<\/div>\n<\/div><\/div>\n\n<div class=\"gb-grid-column gb-grid-column-8ddc48a9\"><div class=\"gb-container gb-container-8ddc48a9\">\n\n<p>Abans d&#8217;iniciar el proc\u00e9s de <strong>blindatge de portes antigues<\/strong>, fem una avaluaci\u00f3 detallada de la porta en q\u00fcesti\u00f3. Aix\u00f2 ens permet entendre la seva estructura, identificar \u00e0rees vulnerables i determinar-ne el millor enfocament per al blindatge.<\/p>\n\n<\/div><\/div>\n<\/div>\n<\/div>\n\n<div class=\"gb-container gb-container-9df20998\">\n<div class=\"gb-grid-wrapper gb-grid-wrapper-27b34fc1\">\n<div class=\"gb-grid-column gb-grid-column-b0e029b8\"><div class=\"gb-container gb-container-b0e029b8\">\n<div class=\"gb-grid-wrapper gb-grid-wrapper-b7a17753\">\n<div class=\"gb-grid-column gb-grid-column-c568bd35\"><div class=\"gb-container gb-container-c568bd35\">\n\n<p class=\"gb-headline gb-headline-88ce2b0a gb-headline-text\"><strong>2.<\/strong><\/p>\n\n<\/div><\/div>\n\n<div class=\"gb-grid-column gb-grid-column-cc0bdc45\"><div class=\"gb-container gb-container-cc0bdc45\">\n\n<h3 class=\"gb-headline gb-headline-6fd401d5 gb-headline-text\">Selecci\u00f3 de Materials<\/h3>\n\n<\/div><\/div>\n<\/div>\n<\/div><\/div>\n\n<div class=\"gb-grid-column gb-grid-column-dab76a05\"><div class=\"gb-container gb-container-dab76a05\">\n\n<p>Utilitzem materials d&#8217;alta qualitat que garanteixen la resist\u00e8ncia i la durabilitat del blindatge. Des de xapes d&#8217;acer fins a panys de seguretat avan\u00e7ada, cada component \u00e9s seleccionat per tal d&#8217;oferir la m\u00e0xima protecci\u00f3.<\/p>\n\n<\/div><\/div>\n<\/div>\n<\/div>\n\n<div class=\"gb-container gb-container-b9c5bde0\">\n<div class=\"gb-grid-wrapper gb-grid-wrapper-674f1b4a\">\n<div class=\"gb-grid-column gb-grid-column-ec2497af\"><div class=\"gb-container gb-container-ec2497af\">\n<div class=\"gb-grid-wrapper gb-grid-wrapper-8cd0e080\">\n<div class=\"gb-grid-column gb-grid-column-436a22c7\"><div class=\"gb-container gb-container-436a22c7\">\n\n<p class=\"gb-headline gb-headline-6023c894 gb-headline-text\"><strong>3.<\/strong><\/p>\n\n<\/div><\/div>\n\n<div class=\"gb-grid-column gb-grid-column-230bea6a\"><div class=\"gb-container gb-container-230bea6a\">\n\n<h3 class=\"gb-headline gb-headline-c80c8407 gb-headline-text\">Instal\u00b7laci\u00f3 i Finalitzaci\u00f3<\/h3>\n\n<\/div><\/div>\n<\/div>\n<\/div><\/div>\n\n<div class=\"gb-grid-column gb-grid-column-b3962378\"><div class=\"gb-container gb-container-b3962378\">\n\n<p>Quan s&#8217;ha completat el proc\u00e9s de blindatge, reinstal\u00b7lem la porta amb precisi\u00f3, assegurant-nos que tots els elements de seguretat estiguin al seu lloc i funcionin a la perfecci\u00f3.<\/p>\n\n<\/div><\/div>\n<\/div>\n<\/div>\n<\/div>\n\n<div class=\"gb-container gb-container-c8af1006 alignfull\">\n<div class=\"gb-container gb-container-cfa3579c\">\n\n<h2 class=\"wp-block-heading has-text-align-left has-accent-color has-text-color\" id=\"block-cc3a63b1-0fe9-4829-8ada-deb1df6b0e10\" style=\"font-size:30px;font-style:normal;font-weight:400;text-transform:uppercase\">MANTENIMENT I CURES POST-BLINDATGE<\/h2>\n\n<\/div>\n\n<div class=\"gb-container gb-container-f39bea62\">\n\n<div class=\"wp-block-columns are-vertically-aligned-center is-layout-flex wp-container-core-columns-is-layout-9d6595d7 wp-block-columns-is-layout-flex\">\n<div class=\"wp-block-column is-vertically-aligned-center is-layout-flow wp-block-column-is-layout-flow\" style=\"flex-basis:66.66%\">\n<h3 class=\"wp-block-heading\" style=\"font-size:27px\">Garantia de Qualitat<\/h3>\n\n\n\n<p>A Amb Tot Tancat, estem orgullosos de la qualitat de la nostra feina. Per aix\u00f2, oferim una garantia que cobreix qualsevol defecte o problema relacionat amb el proc\u00e9s de blindatge.<\/p>\n\n\n\n<h2 class=\"wp-block-heading\" style=\"font-size:27px\">Consells per a la Cura<\/h2>\n\n\n\n<p>Encara que el <strong>blindatge de portes antigues<\/strong> augmenta significativament la seva resist\u00e8ncia, \u00e9s essencial fer un manteniment regular per assegurar-ne el funcionament \u00f2ptim. Recomanem revisar peri\u00f2dicament els panys i altres elements de seguretat.<\/p>\n<\/div>\n\n\n\n<div class=\"wp-block-column is-vertically-aligned-center is-layout-flow wp-block-column-is-layout-flow\" style=\"flex-basis:33.33%\">\n<figure class=\"wp-block-image size-full\"><img loading=\"lazy\" decoding=\"async\" width=\"1200\" height=\"675\" src=\"https:\/\/ambtottancat.com\/wp-content\/uploads\/2024\/01\/10.jpg\" alt=\"Blindatge de Portes Antigues\" class=\"wp-image-3398\" style=\"aspect-ratio:4\/3;object-fit:cover\" srcset=\"https:\/\/ambtottancat.com\/wp-content\/uploads\/2024\/01\/10.jpg 1200w, https:\/\/ambtottancat.com\/wp-content\/uploads\/2024\/01\/10-300x169.jpg 300w, https:\/\/ambtottancat.com\/wp-content\/uploads\/2024\/01\/10-1024x576.jpg 1024w, https:\/\/ambtottancat.com\/wp-content\/uploads\/2024\/01\/10-768x432.jpg 768w\" sizes=\"auto, (max-width: 1200px) 100vw, 1200px\" \/><\/figure>\n<\/div>\n<\/div>\n\n<\/div>\n<\/div>\n\n<div class=\"gb-container gb-container-e888644d smooth-scroll alignfull\">\n<div class=\"gb-container gb-container-8475d5fb\">\n\n<a class=\"gb-button gb-button-a719294d gb-button-text\" href=\"#contactar\">Contactar<\/a>\n\n<\/div>\n<\/div>\n\n<div class=\"gb-container gb-container-ca3f682a alignfull\">\n<div class=\"gb-container gb-container-37eccac4\">\n<div class=\"gb-grid-wrapper gb-grid-wrapper-bad749ac\">\n<div class=\"gb-grid-column gb-grid-column-912af2cd\"><div class=\"gb-container gb-container-912af2cd\">\n\n<figure class=\"wp-block-image size-full is-style-default wp-duotone-rgb282727-rgb227227227-1\"><img loading=\"lazy\" decoding=\"async\" width=\"675\" height=\"675\" src=\"https:\/\/ambtottancat.com\/wp-content\/uploads\/2023\/11\/Compromiso-2.png\" alt=\"Blindatge de portes antigues\" class=\"wp-image-2701\" style=\"aspect-ratio:1;object-fit:cover\" srcset=\"https:\/\/ambtottancat.com\/wp-content\/uploads\/2023\/11\/Compromiso-2.png 675w, https:\/\/ambtottancat.com\/wp-content\/uploads\/2023\/11\/Compromiso-2-300x300.png 300w, https:\/\/ambtottancat.com\/wp-content\/uploads\/2023\/11\/Compromiso-2-150x150.png 150w\" sizes=\"auto, (max-width: 675px) 100vw, 675px\" \/><\/figure>\n\n<\/div><\/div>\n\n<div class=\"gb-grid-column gb-grid-column-41d446fa\"><div class=\"gb-container gb-container-41d446fa\">\n\n<h2 class=\"wp-block-heading has-accent-color has-text-color\" style=\"font-size:30px;font-style:normal;font-weight:400;text-transform:uppercase\">PER QU\u00c8 TRIAR AMB TOT TANCAT?<\/h2>\n\n\n\n<p>Amb anys d&#8217;experi\u00e8ncia al sector, hem perfeccionat l&#8217;art del blindatge combinant t\u00e8cniques tradicionals amb innovacions modernes. El nostre comprom\u00eds \u00e9s oferir solucions de seguretat que respectin i realcin la bellesa de les portes antigues.<\/p>\n\n<\/div><\/div>\n<\/div>\n<\/div>\n<\/div>\n\n<div class=\"gb-container gb-container-7a9638d3 alignfull\" id=\"contactar\"><div class=\"gb-inside-container\">\n<div class=\"gb-grid-wrapper gb-grid-wrapper-e875819b\">\n<div class=\"gb-grid-column gb-grid-column-ac56b380\"><div class=\"gb-container gb-container-ac56b380\"><div class=\"gb-inside-container\"><\/div><\/div><\/div>\n\n<div class=\"gb-grid-column gb-grid-column-d10430f6\"><div class=\"gb-container gb-container-d10430f6 container-gb-2233\"><div class=\"gb-inside-container\">\n\n<h2 class=\"gb-headline gb-headline-e9bb6e62 gb-headline-text\">contacta&#8217;ns A TRAV\u00c9S DE LA WEB I ACONSEGUEIX UN <strong>15% DE DESCOMPTE<\/strong><\/h2>\n\n\n\n<p class=\"has-text-align-left has-contrast-color has-text-color has-link-color wp-elements-3822ebb9cf33b53a875c72d83f01a9c0\">En cas d&#8217;<strong>urg\u00e8ncies 24 hores<\/strong>, contacta&#8217;ns en qualsevol moment i enviarem un professional a la teva ubicaci\u00f3. No importa la gran o complexitat que sigui la feina, amb la nostra experi\u00e8ncia i \u00e0mplia varietat d&#8217;eines podem trobar la soluci\u00f3 perfecta.<\/p>\n\n\n\n<p class=\"gb-headline gb-headline-c33ed3db gb-headline-text\">Tens un projecte al cap?<br>Omple el formulari i ens posarem en contacte amb tu.<\/p>\n\n\n<p><iframe\n    src=\"https:\/\/updates.ecoseo.net\/widget\/form\/YJH6WYqsXUPK5F83uPON\"\n    style=\"width:100%;height:100%;border:none;border-radius:3px\"\n    id=\"inline-YJH6WYqsXUPK5F83uPON\" \n    data-layout=\"{'id':'INLINE'}\"\n    data-trigger-type=\"alwaysShow\"\n    data-trigger-value=\"\"\n    data-activation-type=\"alwaysActivated\"\n    data-activation-value=\"\"\n    data-deactivation-type=\"neverDeactivate\"\n    data-deactivation-value=\"\"\n    data-form-name=\"Form Web Blindaje de Puertas Antiguas - CAT\"\n    data-height=\"647\"\n    data-layout-iframe-id=\"inline-YJH6WYqsXUPK5F83uPON\"\n    data-form-id=\"YJH6WYqsXUPK5F83uPON\"\n    title=\"Form Web Blindaje de Puertas Antiguas - CAT\"\n        ><br \/>\n<\/iframe><br \/>\n<script src=\"https:\/\/updates.ecoseo.net\/js\/form_embed.js\"><\/script><\/p>\n\n<\/div><\/div><\/div>\n<\/div>\n<\/div><\/div>\n\n<div class=\"gb-container gb-container-2dbe591b alignfull\">\n<div class=\"gb-container gb-container-96206e75\">\n\n<h2 class=\"gb-headline gb-headline-31114eb0 gb-headline-text\">Preguntes Freq\u00fcents (FAQ)<\/h2>\n\n\n<div id=\"rank-math-faq\" class=\"rank-math-block\">\n<div class=\"rank-math-list \">\n<div id=\"faq-question-1697987201261\" class=\"rank-math-list-item\">\n<h3 class=\"rank-math-question \">1. El blindatge altera l&#8217;aparen\u00e7a exterior de la porta?<\/h3>\n<div class=\"rank-math-answer \">\n\n<p>No, el proc\u00e9s de blindatge de portes antigues est\u00e0 dissenyat per refor\u00e7ar la porta des del seu interior, mantenint la seva aparen\u00e7a exterior intacta.<\/p>\n\n<\/div>\n<\/div>\n<div id=\"faq-question-1697987210106\" class=\"rank-math-list-item\">\n<h3 class=\"rank-math-question \">2. Quant de temps porta el proc\u00e9s de blindatge?<\/h3>\n<div class=\"rank-math-answer \">\n\n<p>El proc\u00e9s de blindatge de portes antigues a Ambtot Tancat nom\u00e9s fa un dia de treball.<\/p>\n\n<\/div>\n<\/div>\n<div id=\"faq-question-1697987262773\" class=\"rank-math-list-item\">\n<h3 class=\"rank-math-question \">3. \u00c9s possible blindar qualsevol tipus de porta antiga?<\/h3>\n<div class=\"rank-math-answer \">\n\n<p>La majoria de les portes antigues poden estar blindades. Tot i aix\u00f2, realitzem una avaluaci\u00f3 pr\u00e8via per determinar la viabilitat del blindatge en cada cas espec\u00edfic.<\/p>\n\n<\/div>\n<\/div>\n<div id=\"faq-question-1699310490747\" class=\"rank-math-list-item\">\n<h3 class=\"rank-math-question \">4. Ofereixen serveis de manteniment postblindatge?<\/h3>\n<div class=\"rank-math-answer \">\n\n<p>S\u00ed, oferim serveis de manteniment i revisi\u00f3 per assegurar-nos que la porta blindada funcioni correctament i mantingui el nivell de seguretat.<\/p>\n\n<\/div>\n<\/div>\n<\/div>\n<\/div>\n\n<div class=\"gb-button-wrapper gb-button-wrapper-da944254\">\n\n<a class=\"gb-button gb-button-76312997\" href=\"https:\/\/www.facebook.com\/ambtottancat\" target=\"_blank\" rel=\"noopener\"><span class=\"gb-icon\"><svg xmlns=\"http:\/\/www.w3.org\/2000\/svg\" viewBox=\"0 0 320 512\" width=\"1em\" height=\"1em\" aria-hidden=\"true\"><path d=\"M279.14 288l14.22-92.66h-88.91v-60.13c0-25.35 12.42-50.06 52.24-50.06h40.42V6.26S260.43 0 225.36 0c-73.22 0-121.08 44.38-121.08 124.72v70.62H22.89V288h81.39v224h100.17V288z\" fill=\"currentColor\"><\/path><\/svg><\/span><\/a>\n\n\n\n<a class=\"gb-button gb-button-062ed5cf\" href=\"https:\/\/www.instagram.com\/ambtottancat\/\" target=\"_blank\" rel=\"noopener noreferrer\"><span class=\"gb-icon\"><svg xmlns=\"http:\/\/www.w3.org\/2000\/svg\" viewBox=\"0 0 448 512\" width=\"1em\" height=\"1em\" aria-hidden=\"true\"><path d=\"M224.1 141c-63.6 0-114.9 51.3-114.9 114.9s51.3 114.9 114.9 114.9S339 319.5 339 255.9 287.7 141 224.1 141zm0 189.6c-41.1 0-74.7-33.5-74.7-74.7s33.5-74.7 74.7-74.7 74.7 33.5 74.7 74.7-33.6 74.7-74.7 74.7zm146.4-194.3c0 14.9-12 26.8-26.8 26.8-14.9 0-26.8-12-26.8-26.8s12-26.8 26.8-26.8 26.8 12 26.8 26.8zm76.1 27.2c-1.7-35.9-9.9-67.7-36.2-93.9-26.2-26.2-58-34.4-93.9-36.2-37-2.1-147.9-2.1-184.9 0-35.8 1.7-67.6 9.9-93.9 36.1s-34.4 58-36.2 93.9c-2.1 37-2.1 147.9 0 184.9 1.7 35.9 9.9 67.7 36.2 93.9s58 34.4 93.9 36.2c37 2.1 147.9 2.1 184.9 0 35.9-1.7 67.7-9.9 93.9-36.2 26.2-26.2 34.4-58 36.2-93.9 2.1-37 2.1-147.8 0-184.8zM398.8 388c-7.8 19.6-22.9 34.7-42.6 42.6-29.5 11.7-99.5 9-132.1 9s-102.7 2.6-132.1-9c-19.6-7.8-34.7-22.9-42.6-42.6-11.7-29.5-9-99.5-9-132.1s-2.6-102.7 9-132.1c7.8-19.6 22.9-34.7 42.6-42.6 29.5-11.7 99.5-9 132.1-9s102.7-2.6 132.1 9c19.6 7.8 34.7 22.9 42.6 42.6 11.7 29.5 9 99.5 9 132.1s2.7 102.7-9 132.1z\" fill=\"currentColor\"><\/path><\/svg><\/span><\/a>\n\n\n\n<a class=\"gb-button gb-button-9b48ae64\" href=\"https:\/\/twitter.com\/ambtottancat?s=20\" target=\"_blank\" rel=\"noopener\"><span class=\"gb-icon\"><svg xmlns=\"http:\/\/www.w3.org\/2000\/svg\" viewBox=\"0 0 512 512\" width=\"1em\" height=\"1em\" aria-hidden=\"true\"><path d=\"M459.37 151.716c.325 4.548.325 9.097.325 13.645 0 138.72-105.583 298.558-298.558 298.558-59.452 0-114.68-17.219-161.137-47.106 8.447.974 16.568 1.299 25.34 1.299 49.055 0 94.213-16.568 130.274-44.832-46.132-.975-84.792-31.188-98.112-72.772 6.498.974 12.995 1.624 19.818 1.624 9.421 0 18.843-1.3 27.614-3.573-48.081-9.747-84.143-51.98-84.143-102.985v-1.299c13.969 7.797 30.214 12.67 47.431 13.319-28.264-18.843-46.781-51.005-46.781-87.391 0-19.492 5.197-37.36 14.294-52.954 51.655 63.675 129.3 105.258 216.365 109.807-1.624-7.797-2.599-15.918-2.599-24.04 0-57.828 46.782-104.934 104.934-104.934 30.213 0 57.502 12.67 76.67 33.137 23.715-4.548 46.456-13.32 66.599-25.34-7.798 24.366-24.366 44.833-46.132 57.827 21.117-2.273 41.584-8.122 60.426-16.243-14.292 20.791-32.161 39.308-52.628 54.253z\" fill=\"currentColor\"><\/path><\/svg><\/span><\/a>\n\n\n\n<a class=\"gb-button gb-button-9667374b\" href=\"https:\/\/www.youtube.com\/@ambtottancat\" target=\"_blank\" rel=\"noopener\"><span class=\"gb-icon\"><svg aria-hidden=\"true\" role=\"img\" height=\"1em\" width=\"1em\" viewBox=\"0 0 576 512\" xmlns=\"http:\/\/www.w3.org\/2000\/svg\"><path fill=\"currentColor\" d=\"M549.655 124.083c-6.281-23.65-24.787-42.276-48.284-48.597C458.781 64 288 64 288 64S117.22 64 74.629 75.486c-23.497 6.322-42.003 24.947-48.284 48.597-11.412 42.867-11.412 132.305-11.412 132.305s0 89.438 11.412 132.305c6.281 23.65 24.787 41.5 48.284 47.821C117.22 448 288 448 288 448s170.78 0 213.371-11.486c23.497-6.321 42.003-24.171 48.284-47.821 11.412-42.867 11.412-132.305 11.412-132.305s0-89.438-11.412-132.305zm-317.51 213.508V175.185l142.739 81.205-142.739 81.201z\"><\/path><\/svg><\/span><\/a>\n\n<\/div>\n\n<div class=\"gb-button-wrapper gb-button-wrapper-b4b95af6\">\n\n<a class=\"gb-button gb-button-4d5302f9 gb-button-text\" href=\"https:\/\/ambtottancat.com\/ca\/contacte\/\">CONTACTE<\/a>\n\n<\/div>\n<\/div>\n<\/div>","protected":false},"excerpt":{"rendered":"<p>QU\u00c8 \u00c9S EL BLINDATGE DE PORTES ANTIGUES? Un proc\u00e9s de transformaci\u00f3 El blindatge no \u00e9s &#8230; <a title=\"Blindatge de Portes Antigues\" class=\"read-more\" href=\"https:\/\/ambtottancat.com\/ca\/serveis\/blindatge-de-portes-antigues\/\" aria-label=\"M\u00e9s informaci\u00f3 sobre Blindatge de Portes Antigues\">Read more<\/a><\/p>\n","protected":false},"author":1,"featured_media":1601,"parent":1693,"menu_order":0,"comment_status":"closed","ping_status":"closed","template":"","meta":{"footnotes":""},"class_list":["post-3172","page","type-page","status-publish","has-post-thumbnail"],"_links":{"self":[{"href":"https:\/\/ambtottancat.com\/ca\/wp-json\/wp\/v2\/pages\/3172","targetHints":{"allow":["GET"]}}],"collection":[{"href":"https:\/\/ambtottancat.com\/ca\/wp-json\/wp\/v2\/pages"}],"about":[{"href":"https:\/\/ambtottancat.com\/ca\/wp-json\/wp\/v2\/types\/page"}],"author":[{"embeddable":true,"href":"https:\/\/ambtottancat.com\/ca\/wp-json\/wp\/v2\/users\/1"}],"replies":[{"embeddable":true,"href":"https:\/\/ambtottancat.com\/ca\/wp-json\/wp\/v2\/comments?post=3172"}],"version-history":[{"count":0,"href":"https:\/\/ambtottancat.com\/ca\/wp-json\/wp\/v2\/pages\/3172\/revisions"}],"up":[{"embeddable":true,"href":"https:\/\/ambtottancat.com\/ca\/wp-json\/wp\/v2\/pages\/1693"}],"wp:featuredmedia":[{"embeddable":true,"href":"https:\/\/ambtottancat.com\/ca\/wp-json\/wp\/v2\/media\/1601"}],"wp:attachment":[{"href":"https:\/\/ambtottancat.com\/ca\/wp-json\/wp\/v2\/media?parent=3172"}],"curies":[{"name":"wp","href":"https:\/\/api.w.org\/{rel}","templated":true}]}}