{"id":3189,"date":"2023-11-22T15:50:55","date_gmt":"2023-11-22T13:50:55","guid":{"rendered":"https:\/\/ambtottancat.com\/serveis\/portes-de-comunitat-la-combinacio-perfecta-de-seguretat-i-estil\/"},"modified":"2025-11-26T18:33:03","modified_gmt":"2025-11-26T16:33:03","slug":"portes-de-comunitat","status":"publish","type":"page","link":"https:\/\/ambtottancat.com\/ca\/serveis\/portes-de-comunitat\/","title":{"rendered":"Portes de Comunitat"},"content":{"rendered":"<div class=\"gb-container gb-container-c1a20ec3 alignfull\">\n<div class=\"gb-container gb-container-4c709a75\">\n<div class=\"gb-grid-wrapper gb-grid-wrapper-32b34536\">\n<div class=\"gb-grid-column gb-grid-column-d91c8984\"><div class=\"gb-container gb-container-d91c8984\">\n\n<figure class=\"wp-block-image size-full is-style-default\"><img loading=\"lazy\" decoding=\"async\" width=\"1080\" height=\"1080\" src=\"https:\/\/ambtottancat.com\/wp-content\/uploads\/2023\/11\/01-1.jpg\" alt=\"Portes de Comunitat\" class=\"wp-image-3121\" srcset=\"https:\/\/ambtottancat.com\/wp-content\/uploads\/2023\/11\/01-1.jpg 1080w, https:\/\/ambtottancat.com\/wp-content\/uploads\/2023\/11\/01-1-300x300.jpg 300w, https:\/\/ambtottancat.com\/wp-content\/uploads\/2023\/11\/01-1-1024x1024.jpg 1024w, https:\/\/ambtottancat.com\/wp-content\/uploads\/2023\/11\/01-1-150x150.jpg 150w, https:\/\/ambtottancat.com\/wp-content\/uploads\/2023\/11\/01-1-768x768.jpg 768w\" sizes=\"auto, (max-width: 1080px) 100vw, 1080px\" \/><\/figure>\n\n<\/div><\/div>\n\n<div class=\"gb-grid-column gb-grid-column-a3c77465\"><div class=\"gb-container gb-container-a3c77465\">\n\n<h2 class=\"wp-block-heading has-accent-color has-text-color\" style=\"font-size:30px;font-style:normal;font-weight:400;text-transform:uppercase\">L&#8217;Ess\u00e8ncia de les Portes de Comunitat<\/h2>\n\n\n\n<p>Les <strong>portes de comunitat<\/strong> no s\u00f3n nom\u00e9s una barrera f\u00edsica entre l&#8217;exterior i l&#8217;interior d&#8217;un edifici. Representen la primera impressi\u00f3 que s&#8217;emporten residents i visitants, i per aix\u00f2 han de combinar a la perfecci\u00f3 seguretat, durabilitat i est\u00e8tica.<\/p>\n\n<\/div><\/div>\n<\/div>\n<\/div>\n<\/div>\n\n<div class=\"gb-container gb-container-4c5bb370 alignfull\">\n<div class=\"gb-container gb-container-c58b29c4\">\n\n<h2 class=\"wp-block-heading has-text-align-left has-accent-color has-text-color\" style=\"font-size:30px;font-style:normal;font-weight:400;text-transform:uppercase\">Caracter\u00edstiques Indispensables<\/h2>\n\n\n\n<div class=\"wp-block-columns are-vertically-aligned-center is-layout-flex wp-container-core-columns-is-layout-9d6595d7 wp-block-columns-is-layout-flex\">\n<div class=\"wp-block-column is-vertically-aligned-center is-layout-flow wp-block-column-is-layout-flow\" style=\"flex-basis:66.66%\">\n<h3 class=\"wp-block-heading\" style=\"font-size:27px\">Robustesa i durabilitat<\/h3>\n\n\n\n<p>Les portes de comunitat estan exposades a factors externs com ara el clima i l&#8217;\u00fas constant. Per aix\u00f2, a Amb Tot Tancat, ens assegurem que les nostres portes siguin robustes, fabricades amb materials d&#8217;alta qualitat que en garanteixen la durabilitat al llarg del temps.<\/p>\n\n\n\n<h2 class=\"wp-block-heading\" style=\"font-size:27px\">Tecnologia Avan\u00e7ada<\/h2>\n\n\n\n<p>Les nostres <strong>portes de comunitat<\/strong> estan equipades amb sistemes de panys electromec\u00e0nics que faciliten el bloqueig i desbloqueig autom\u00e0tic mitjan\u00e7ant l&#8217;\u00fas d&#8217;una clau, refor\u00e7ant aix\u00ed la seguretat de tota la propietat i beneficiant tots els propietaris.<\/p>\n<\/div>\n\n\n\n<div class=\"wp-block-column is-vertically-aligned-center is-layout-flow wp-block-column-is-layout-flow\" style=\"flex-basis:33.33%\">\n<figure class=\"wp-block-image size-full wp-duotone-unset-1\"><img loading=\"lazy\" decoding=\"async\" width=\"1200\" height=\"675\" src=\"https:\/\/ambtottancat.com\/wp-content\/uploads\/2023\/11\/02-1.jpg\" alt=\"Portes de Comunitat\" class=\"wp-image-3123\" style=\"aspect-ratio:4\/3;object-fit:cover\" srcset=\"https:\/\/ambtottancat.com\/wp-content\/uploads\/2023\/11\/02-1.jpg 1200w, https:\/\/ambtottancat.com\/wp-content\/uploads\/2023\/11\/02-1-300x169.jpg 300w, https:\/\/ambtottancat.com\/wp-content\/uploads\/2023\/11\/02-1-1024x576.jpg 1024w, https:\/\/ambtottancat.com\/wp-content\/uploads\/2023\/11\/02-1-768x432.jpg 768w\" sizes=\"auto, (max-width: 1200px) 100vw, 1200px\" \/><\/figure>\n<\/div>\n<\/div>\n\n<\/div>\n<\/div>\n\n<div class=\"gb-container gb-container-e888644d smooth-scroll alignfull\">\n<div class=\"gb-container gb-container-8475d5fb\">\n\n<a class=\"gb-button gb-button-a719294d gb-button-text\" href=\"#contactar\">Contactar<\/a>\n\n<\/div>\n<\/div>\n\n<div class=\"gb-container gb-container-0bf88a81 alignfull\">\n<div class=\"gb-container gb-container-7cab36ca\">\n\n<h2 class=\"wp-block-heading has-text-align-left has-accent-color has-text-color\" style=\"font-size:30px;font-style:normal;font-weight:400;text-transform:uppercase\">Dissenys Personalitzats per a Cada Comunitat<\/h2>\n\n\n\n<div class=\"wp-block-columns are-vertically-aligned-center is-layout-flex wp-container-core-columns-is-layout-9d6595d7 wp-block-columns-is-layout-flex\">\n<div class=\"wp-block-column is-vertically-aligned-center is-layout-flow wp-block-column-is-layout-flow\" style=\"flex-basis:33.33%\">\n<figure class=\"wp-block-image size-full wp-duotone-unset-2\"><img loading=\"lazy\" decoding=\"async\" width=\"1600\" height=\"900\" src=\"https:\/\/ambtottancat.com\/wp-content\/uploads\/2023\/11\/IMG_4853.jpg\" alt=\"Portes de Comunitat\" class=\"wp-image-3110\" style=\"aspect-ratio:4\/3;object-fit:cover\" srcset=\"https:\/\/ambtottancat.com\/wp-content\/uploads\/2023\/11\/IMG_4853.jpg 1600w, https:\/\/ambtottancat.com\/wp-content\/uploads\/2023\/11\/IMG_4853-300x169.jpg 300w, https:\/\/ambtottancat.com\/wp-content\/uploads\/2023\/11\/IMG_4853-1024x576.jpg 1024w, https:\/\/ambtottancat.com\/wp-content\/uploads\/2023\/11\/IMG_4853-768x432.jpg 768w, https:\/\/ambtottancat.com\/wp-content\/uploads\/2023\/11\/IMG_4853-1536x864.jpg 1536w\" sizes=\"auto, (max-width: 1600px) 100vw, 1600px\" \/><\/figure>\n<\/div>\n\n\n\n<div class=\"wp-block-column is-vertically-aligned-center is-layout-flow wp-block-column-is-layout-flow\" style=\"flex-basis:66.66%\">\n<h3 class=\"wp-block-heading\" style=\"font-size:27px\">Varietat d&#8217;Estils<\/h3>\n\n\n\n<p>Entenem que cada comunitat t\u00e9 la seva pr\u00f2pia identitat i estil. Per aix\u00f2, oferim una \u00e0mplia gamma de dissenys, des dels m\u00e9s cl\u00e0ssics als m\u00e9s moderns, assegurant que la porta s&#8217;integri perfectament amb l&#8217;est\u00e8tica de l&#8217;edifici.<\/p>\n\n\n\n<h2 class=\"wp-block-heading\" style=\"font-size:27px\">Adaptabilitat<\/h2>\n\n\n\n<p>No totes les entrades s\u00f3n iguals. Ja sigui que es tracti d&#8217;un edifici hist\u00f2ric o de nova construcci\u00f3, les nostres <strong>portes de comunitat<\/strong> s&#8217;adapten a les necessitats espec\u00edfiques de cada entrada, garantint un ajustament perfecte.<\/p>\n<\/div>\n<\/div>\n\n<\/div>\n<\/div>\n\n<div class=\"gb-container gb-container-f237e27a alignfull\">\n<div class=\"gb-container gb-container-192f320a\">\n\n<h2 class=\"wp-block-heading has-text-align-left has-accent-color has-text-color\" style=\"font-size:30px;font-style:normal;font-weight:400;text-transform:uppercase\">Beneficis de triar Amb Tot Tancat<\/h2>\n\n\n\n<div class=\"wp-block-columns is-layout-flex wp-container-core-columns-is-layout-9d6595d7 wp-block-columns-is-layout-flex\">\n<div class=\"wp-block-column is-layout-flow wp-block-column-is-layout-flow\"><div class=\"wp-block-image\">\n<figure class=\"aligncenter size-medium is-resized\"><img loading=\"lazy\" decoding=\"async\" width=\"300\" height=\"300\" src=\"https:\/\/ambtottancat.com\/wp-content\/uploads\/2023\/11\/8-2-300x300.png\" alt=\"\" class=\"wp-image-2648\" style=\"aspect-ratio:1;width:152px;height:auto\" srcset=\"https:\/\/ambtottancat.com\/wp-content\/uploads\/2023\/11\/8-2-300x300.png 300w, https:\/\/ambtottancat.com\/wp-content\/uploads\/2023\/11\/8-2-150x150.png 150w, https:\/\/ambtottancat.com\/wp-content\/uploads\/2023\/11\/8-2.png 375w\" sizes=\"auto, (max-width: 300px) 100vw, 300px\" \/><\/figure>\n<\/div>\n\n\n<h3 class=\"wp-block-heading has-text-align-center\">Seguretat Garantida<\/h3>\n\n\n\n<p class=\"has-text-align-left\">La principal funci\u00f3 de les <strong>portes de comunitat<\/strong> \u00e9s protegir els residents de possibles amenaces externes. Les nostres portes estan dissenyades per resistir intents d\u00b4intrusi\u00f3, garantint la tranquil\u00b7litat de tots els habitants de l\u00b4edifici.<\/p>\n<\/div>\n\n\n\n<div class=\"wp-block-column is-layout-flow wp-block-column-is-layout-flow\"><div class=\"wp-block-image\">\n<figure class=\"aligncenter size-full is-resized\"><img loading=\"lazy\" decoding=\"async\" width=\"500\" height=\"500\" src=\"https:\/\/ambtottancat.com\/wp-content\/uploads\/2023\/11\/ojo-2.png\" alt=\"\" class=\"wp-image-2211\" style=\"aspect-ratio:1;width:154px;height:auto\" srcset=\"https:\/\/ambtottancat.com\/wp-content\/uploads\/2023\/11\/ojo-2.png 500w, https:\/\/ambtottancat.com\/wp-content\/uploads\/2023\/11\/ojo-2-300x300.png 300w, https:\/\/ambtottancat.com\/wp-content\/uploads\/2023\/11\/ojo-2-150x150.png 150w\" sizes=\"auto, (max-width: 500px) 100vw, 500px\" \/><\/figure>\n<\/div>\n\n\n<h3 class=\"wp-block-heading has-text-align-center\">Valor Est\u00e8tic<\/h3>\n\n\n\n<p class=\"has-text-align-left\">Una porta de comunitat no sols ha de ser funcional, sin\u00f3 tamb\u00e9 est\u00e8ticament agradable. Els nostres dissenys s&#8217;adapten a l&#8217;arquitectura i l&#8217;est\u00e8tica de l&#8217;edifici, real\u00e7ant la seva bellesa i creant una entrada acollidora i elegant.<\/p>\n<\/div>\n\n\n\n<div class=\"wp-block-column is-layout-flow wp-block-column-is-layout-flow\"><div class=\"wp-block-image\">\n<figure class=\"aligncenter size-full is-resized\"><img loading=\"lazy\" decoding=\"async\" width=\"375\" height=\"375\" src=\"https:\/\/ambtottancat.com\/wp-content\/uploads\/2023\/11\/9-1.png\" alt=\"\" class=\"wp-image-2650\" style=\"aspect-ratio:1;width:154px;height:auto\" srcset=\"https:\/\/ambtottancat.com\/wp-content\/uploads\/2023\/11\/9-1.png 375w, https:\/\/ambtottancat.com\/wp-content\/uploads\/2023\/11\/9-1-300x300.png 300w, https:\/\/ambtottancat.com\/wp-content\/uploads\/2023\/11\/9-1-150x150.png 150w\" sizes=\"auto, (max-width: 375px) 100vw, 375px\" \/><\/figure>\n<\/div>\n\n\n<h3 class=\"wp-block-heading has-text-align-center\">Durabilitat i Resist\u00e8ncia<\/h3>\n\n\n\n<p class=\"has-text-align-left\">Fabricades amb materials d&#8217;alta qualitat, les nostres <strong>portes de comunitat<\/strong> estan dissenyades per resistir el pas del temps, l&#8217;\u00fas diari i els elements del clima.<\/p>\n<\/div>\n<\/div>\n\n<\/div>\n<\/div>\n\n<div class=\"gb-container gb-container-e888644d smooth-scroll alignfull\">\n<div class=\"gb-container gb-container-8475d5fb\">\n\n<a class=\"gb-button gb-button-a719294d gb-button-text\" href=\"#contactar\">Contactar<\/a>\n\n<\/div>\n<\/div>\n\n<div class=\"gb-container gb-container-851d8847 alignfull\">\n<div class=\"gb-container gb-container-1eba604d\">\n\n<h2 class=\"wp-block-heading has-text-align-left has-accent-color has-text-color\" style=\"font-size:30px;font-style:normal;font-weight:400;text-transform:uppercase\">Manteniment i Servei Postvenda<\/h2>\n\n\n\n<div class=\"wp-block-columns are-vertically-aligned-center is-layout-flex wp-container-core-columns-is-layout-9d6595d7 wp-block-columns-is-layout-flex\">\n<div class=\"wp-block-column is-vertically-aligned-center is-layout-flow wp-block-column-is-layout-flow\" style=\"flex-basis:66.66%\">\n<h3 class=\"wp-block-heading\" style=\"font-size:27px\">Atenci\u00f3 Personalitzada<\/h3>\n\n\n\n<p>A Amb Tot Tancat, ens enorgulleix oferir un servei postvenda de qualitat. Si sorgeix algun problema o inquietud amb la teva porta de comunitat, el nostre equip estar\u00e0 llest per ajudar-te.<\/p>\n\n\n\n<h2 class=\"wp-block-heading\" style=\"font-size:27px\">Manteniment Preventiu<\/h2>\n\n\n\n<p>Per garantir el funcionament \u00f2ptim i perllongar la vida \u00fatil de les portes, oferim serveis de manteniment preventiu. Aix\u00f2 inclou revisions peri\u00f2diques, ajustaments i reparacions menors.<\/p>\n<\/div>\n\n\n\n<div class=\"wp-block-column is-vertically-aligned-center is-layout-flow wp-block-column-is-layout-flow\" style=\"flex-basis:33.33%\">\n<figure class=\"wp-block-image size-full wp-duotone-unset-3\"><img loading=\"lazy\" decoding=\"async\" width=\"1920\" height=\"1080\" src=\"https:\/\/ambtottancat.com\/wp-content\/uploads\/2024\/01\/13.jpg\" alt=\"Portes de Comunitat\" class=\"wp-image-3443\" style=\"aspect-ratio:4\/3;object-fit:cover\" srcset=\"https:\/\/ambtottancat.com\/wp-content\/uploads\/2024\/01\/13.jpg 1920w, https:\/\/ambtottancat.com\/wp-content\/uploads\/2024\/01\/13-300x169.jpg 300w, https:\/\/ambtottancat.com\/wp-content\/uploads\/2024\/01\/13-1024x576.jpg 1024w, https:\/\/ambtottancat.com\/wp-content\/uploads\/2024\/01\/13-768x432.jpg 768w, https:\/\/ambtottancat.com\/wp-content\/uploads\/2024\/01\/13-1536x864.jpg 1536w\" sizes=\"auto, (max-width: 1920px) 100vw, 1920px\" \/><\/figure>\n<\/div>\n<\/div>\n\n<\/div>\n\n<div class=\"gb-container gb-container-ca3f682a alignfull\">\n<div class=\"gb-container gb-container-37eccac4\">\n<div class=\"gb-grid-wrapper gb-grid-wrapper-bad749ac\">\n<div class=\"gb-grid-column gb-grid-column-912af2cd\"><div class=\"gb-container gb-container-912af2cd\">\n\n<figure class=\"wp-block-image size-full is-style-default wp-duotone-rgb777-rgb197197197-4\"><img loading=\"lazy\" decoding=\"async\" width=\"675\" height=\"675\" src=\"https:\/\/ambtottancat.com\/wp-content\/uploads\/2023\/11\/Compromiso-2.png\" alt=\"\" class=\"wp-image-2701\" style=\"aspect-ratio:1;object-fit:cover\" srcset=\"https:\/\/ambtottancat.com\/wp-content\/uploads\/2023\/11\/Compromiso-2.png 675w, https:\/\/ambtottancat.com\/wp-content\/uploads\/2023\/11\/Compromiso-2-300x300.png 300w, https:\/\/ambtottancat.com\/wp-content\/uploads\/2023\/11\/Compromiso-2-150x150.png 150w\" sizes=\"auto, (max-width: 675px) 100vw, 675px\" \/><\/figure>\n\n<\/div><\/div>\n\n<div class=\"gb-grid-column gb-grid-column-41d446fa\"><div class=\"gb-container gb-container-41d446fa\">\n\n<h2 class=\"wp-block-heading has-accent-color has-text-color\" style=\"font-size:30px;font-style:normal;font-weight:400;text-transform:uppercase\">Comprom\u00eds amb Tot Tancat<\/h2>\n\n\n\n<p>El nostre comprom\u00eds va m\u00e9s enll\u00e0 d&#8217;oferir <strong>portes de comunitat<\/strong> de qualitat. Busquem crear relacions duradores amb els nostres clients, basades en la confian\u00e7a i la satisfacci\u00f3. Per aix\u00f2 treballem dia a dia per millorar els nostres productes i serveis, i per estar a l&#8217;al\u00e7ada de les expectatives dels nostres clients.<\/p>\n\n<\/div><\/div>\n<\/div>\n<\/div>\n<\/div>\n<\/div>\n\n<div class=\"gb-container gb-container-7a9638d3 alignfull\"><div class=\"gb-inside-container\">\n<div class=\"gb-grid-wrapper gb-grid-wrapper-e875819b\">\n<div class=\"gb-grid-column gb-grid-column-ac56b380\"><div class=\"gb-container gb-container-ac56b380\"><div class=\"gb-inside-container\"><\/div><\/div><\/div>\n\n<div class=\"gb-grid-column gb-grid-column-d10430f6\"><div class=\"gb-container gb-container-d10430f6 container-gb-2233\" id=\"contactar\"><div class=\"gb-inside-container\">\n\n<h2 class=\"gb-headline gb-headline-e9bb6e62 gb-headline-text\">contacta&#8217;ns A TRAV\u00c9S DE LA WEB I ACONSEGUEIX UN <strong>15% DE DESCOMPTE<\/strong><\/h2>\n\n\n\n<p class=\"has-text-align-left has-contrast-color has-text-color has-link-color wp-elements-3822ebb9cf33b53a875c72d83f01a9c0\">En cas d&#8217;<strong>urg\u00e8ncies 24 hores<\/strong>, contacta&#8217;ns en qualsevol moment i enviarem un professional a la teva ubicaci\u00f3. No importa la gran o complexitat que sigui la feina, amb la nostra experi\u00e8ncia i \u00e0mplia varietat d&#8217;eines podem trobar la soluci\u00f3 perfecta.<\/p>\n\n\n\n<p class=\"gb-headline gb-headline-c33ed3db gb-headline-text\">Tens un projecte al cap?<br>Omple el formulari i ens posarem en contacte amb tu.<\/p>\n\n\n<p><iframe\n    src=\"https:\/\/updates.ecoseo.net\/widget\/form\/LL6CISR0gpWad3NofFcp\"\n    style=\"width:100%;height:100%;border:none;border-radius:3px\"\n    id=\"inline-LL6CISR0gpWad3NofFcp\" \n    data-layout=\"{'id':'INLINE'}\"\n    data-trigger-type=\"alwaysShow\"\n    data-trigger-value=\"\"\n    data-activation-type=\"alwaysActivated\"\n    data-activation-value=\"\"\n    data-deactivation-type=\"neverDeactivate\"\n    data-deactivation-value=\"\"\n    data-form-name=\"Form Web Puertas de Comunidad - CAT\"\n    data-height=\"647\"\n    data-layout-iframe-id=\"inline-LL6CISR0gpWad3NofFcp\"\n    data-form-id=\"LL6CISR0gpWad3NofFcp\"\n    title=\"Form Web Puertas de Comunidad - CAT\"\n        ><br \/>\n<\/iframe><br \/>\n<script src=\"https:\/\/updates.ecoseo.net\/js\/form_embed.js\"><\/script><\/p>\n\n<\/div><\/div><\/div>\n<\/div>\n<\/div><\/div>\n\n<div class=\"gb-container gb-container-7b9d47b7 alignfull\">\n<div class=\"gb-container gb-container-52aa2dac\">\n\n<h2 class=\"gb-headline gb-headline-48ef26c6 gb-headline-text\">PREGUNTES FREQ\u00dcENTS (FAQ)<\/h2>\n\n\n<div id=\"rank-math-faq\" class=\"rank-math-block\">\n<div class=\"rank-math-list \">\n<div id=\"faq-question-1697987201261\" class=\"rank-math-list-item\">\n<h3 class=\"rank-math-question \">1. Ofereixen instal\u00b7laci\u00f3 de les portes de comunitat?<\/h3>\n<div class=\"rank-math-answer \">\n\n<p>S\u00ed, a Amb Tot Tancat oferim un servei complet que inclou la instal\u00b7laci\u00f3 professional de la porta, garantint-ne el correcte funcionament.<\/p>\n\n<\/div>\n<\/div>\n<div id=\"faq-question-1697987210106\" class=\"rank-math-list-item\">\n<h3 class=\"rank-math-question \"><strong>2. \u00c9s possible personalitzar el disseny de la porta?<\/strong><\/h3>\n<div class=\"rank-math-answer \">\n\n<p>Absolutament. Oferim una \u00e0mplia varietat de dissenys, per\u00f2 tamb\u00e9 estem oberts a adaptar-nos a les necessitats i desitjos espec\u00edfics de cada comunitat.<\/p>\n\n<\/div>\n<\/div>\n<div id=\"faq-question-1697987262773\" class=\"rank-math-list-item\">\n<h3 class=\"rank-math-question \"><strong>3. Quina garantia ofereixen a les portes de comunitat?<\/strong><\/h3>\n<div class=\"rank-math-answer \">\n\n<p>Totes les nostres portes v\u00e9nen amb una garantia que cobreix defectes de fabricaci\u00f3 i problemes relacionats amb la instal\u00b7laci\u00f3.<\/p>\n\n<\/div>\n<\/div>\n<div id=\"faq-question-1699310490747\" class=\"rank-math-list-item\">\n<h3 class=\"rank-math-question \">4. Tenen portes amb sistemes de control dacc\u00e9s avan\u00e7ats?<\/h3>\n<div class=\"rank-math-answer \">\n\n<p>S\u00ed, oferim portes equipades amb la darrera tecnologia en sistemes de control d&#8217;acc\u00e9s, des de lectors de targetes fins a sistemes biom\u00e8trics.<\/p>\n\n<\/div>\n<\/div>\n<\/div>\n<\/div>\n\n<div class=\"gb-button-wrapper gb-button-wrapper-da944254\">\n\n<a class=\"gb-button gb-button-76312997\" href=\"https:\/\/www.facebook.com\/ambtottancat\" target=\"_blank\" rel=\"noopener\"><span class=\"gb-icon\"><svg xmlns=\"http:\/\/www.w3.org\/2000\/svg\" viewBox=\"0 0 320 512\" width=\"1em\" height=\"1em\" aria-hidden=\"true\"><path d=\"M279.14 288l14.22-92.66h-88.91v-60.13c0-25.35 12.42-50.06 52.24-50.06h40.42V6.26S260.43 0 225.36 0c-73.22 0-121.08 44.38-121.08 124.72v70.62H22.89V288h81.39v224h100.17V288z\" fill=\"currentColor\"><\/path><\/svg><\/span><\/a>\n\n\n\n<a class=\"gb-button gb-button-062ed5cf\" href=\"https:\/\/www.instagram.com\/ambtottancat\/\" target=\"_blank\" rel=\"noopener noreferrer\"><span class=\"gb-icon\"><svg xmlns=\"http:\/\/www.w3.org\/2000\/svg\" viewBox=\"0 0 448 512\" width=\"1em\" height=\"1em\" aria-hidden=\"true\"><path d=\"M224.1 141c-63.6 0-114.9 51.3-114.9 114.9s51.3 114.9 114.9 114.9S339 319.5 339 255.9 287.7 141 224.1 141zm0 189.6c-41.1 0-74.7-33.5-74.7-74.7s33.5-74.7 74.7-74.7 74.7 33.5 74.7 74.7-33.6 74.7-74.7 74.7zm146.4-194.3c0 14.9-12 26.8-26.8 26.8-14.9 0-26.8-12-26.8-26.8s12-26.8 26.8-26.8 26.8 12 26.8 26.8zm76.1 27.2c-1.7-35.9-9.9-67.7-36.2-93.9-26.2-26.2-58-34.4-93.9-36.2-37-2.1-147.9-2.1-184.9 0-35.8 1.7-67.6 9.9-93.9 36.1s-34.4 58-36.2 93.9c-2.1 37-2.1 147.9 0 184.9 1.7 35.9 9.9 67.7 36.2 93.9s58 34.4 93.9 36.2c37 2.1 147.9 2.1 184.9 0 35.9-1.7 67.7-9.9 93.9-36.2 26.2-26.2 34.4-58 36.2-93.9 2.1-37 2.1-147.8 0-184.8zM398.8 388c-7.8 19.6-22.9 34.7-42.6 42.6-29.5 11.7-99.5 9-132.1 9s-102.7 2.6-132.1-9c-19.6-7.8-34.7-22.9-42.6-42.6-11.7-29.5-9-99.5-9-132.1s-2.6-102.7 9-132.1c7.8-19.6 22.9-34.7 42.6-42.6 29.5-11.7 99.5-9 132.1-9s102.7-2.6 132.1 9c19.6 7.8 34.7 22.9 42.6 42.6 11.7 29.5 9 99.5 9 132.1s2.7 102.7-9 132.1z\" fill=\"currentColor\"><\/path><\/svg><\/span><\/a>\n\n\n\n<a class=\"gb-button gb-button-9b48ae64\" href=\"https:\/\/twitter.com\/ambtottancat?s=20\" target=\"_blank\" rel=\"noopener\"><span class=\"gb-icon\"><svg xmlns=\"http:\/\/www.w3.org\/2000\/svg\" viewBox=\"0 0 512 512\" width=\"1em\" height=\"1em\" aria-hidden=\"true\"><path d=\"M459.37 151.716c.325 4.548.325 9.097.325 13.645 0 138.72-105.583 298.558-298.558 298.558-59.452 0-114.68-17.219-161.137-47.106 8.447.974 16.568 1.299 25.34 1.299 49.055 0 94.213-16.568 130.274-44.832-46.132-.975-84.792-31.188-98.112-72.772 6.498.974 12.995 1.624 19.818 1.624 9.421 0 18.843-1.3 27.614-3.573-48.081-9.747-84.143-51.98-84.143-102.985v-1.299c13.969 7.797 30.214 12.67 47.431 13.319-28.264-18.843-46.781-51.005-46.781-87.391 0-19.492 5.197-37.36 14.294-52.954 51.655 63.675 129.3 105.258 216.365 109.807-1.624-7.797-2.599-15.918-2.599-24.04 0-57.828 46.782-104.934 104.934-104.934 30.213 0 57.502 12.67 76.67 33.137 23.715-4.548 46.456-13.32 66.599-25.34-7.798 24.366-24.366 44.833-46.132 57.827 21.117-2.273 41.584-8.122 60.426-16.243-14.292 20.791-32.161 39.308-52.628 54.253z\" fill=\"currentColor\"><\/path><\/svg><\/span><\/a>\n\n\n\n<a class=\"gb-button gb-button-9667374b\" href=\"https:\/\/www.youtube.com\/@ambtottancat\" target=\"_blank\" rel=\"noopener\"><span class=\"gb-icon\"><svg aria-hidden=\"true\" role=\"img\" height=\"1em\" width=\"1em\" viewBox=\"0 0 576 512\" xmlns=\"http:\/\/www.w3.org\/2000\/svg\"><path fill=\"currentColor\" d=\"M549.655 124.083c-6.281-23.65-24.787-42.276-48.284-48.597C458.781 64 288 64 288 64S117.22 64 74.629 75.486c-23.497 6.322-42.003 24.947-48.284 48.597-11.412 42.867-11.412 132.305-11.412 132.305s0 89.438 11.412 132.305c6.281 23.65 24.787 41.5 48.284 47.821C117.22 448 288 448 288 448s170.78 0 213.371-11.486c23.497-6.321 42.003-24.171 48.284-47.821 11.412-42.867 11.412-132.305 11.412-132.305s0-89.438-11.412-132.305zm-317.51 213.508V175.185l142.739 81.205-142.739 81.201z\"><\/path><\/svg><\/span><\/a>\n\n<\/div>\n\n<div class=\"gb-button-wrapper gb-button-wrapper-b4b95af6\">\n\n<a class=\"gb-button gb-button-4d5302f9 gb-button-text\" href=\"https:\/\/ambtottancat.com\/ca\/contacte\/\">CONTACTE<\/a>\n\n<\/div>\n<\/div>\n<\/div>","protected":false},"excerpt":{"rendered":"<p>Caracter\u00edstiques Indispensables Robustesa i durabilitat Les portes de comunitat estan exposades a factors externs com &#8230; <a title=\"Portes de Comunitat\" class=\"read-more\" href=\"https:\/\/ambtottancat.com\/ca\/serveis\/portes-de-comunitat\/\" aria-label=\"M\u00e9s informaci\u00f3 sobre Portes de Comunitat\">Read more<\/a><\/p>\n","protected":false},"author":1,"featured_media":1605,"parent":1693,"menu_order":0,"comment_status":"closed","ping_status":"closed","template":"","meta":{"footnotes":""},"class_list":["post-3189","page","type-page","status-publish","has-post-thumbnail"],"_links":{"self":[{"href":"https:\/\/ambtottancat.com\/ca\/wp-json\/wp\/v2\/pages\/3189","targetHints":{"allow":["GET"]}}],"collection":[{"href":"https:\/\/ambtottancat.com\/ca\/wp-json\/wp\/v2\/pages"}],"about":[{"href":"https:\/\/ambtottancat.com\/ca\/wp-json\/wp\/v2\/types\/page"}],"author":[{"embeddable":true,"href":"https:\/\/ambtottancat.com\/ca\/wp-json\/wp\/v2\/users\/1"}],"replies":[{"embeddable":true,"href":"https:\/\/ambtottancat.com\/ca\/wp-json\/wp\/v2\/comments?post=3189"}],"version-history":[{"count":0,"href":"https:\/\/ambtottancat.com\/ca\/wp-json\/wp\/v2\/pages\/3189\/revisions"}],"up":[{"embeddable":true,"href":"https:\/\/ambtottancat.com\/ca\/wp-json\/wp\/v2\/pages\/1693"}],"wp:featuredmedia":[{"embeddable":true,"href":"https:\/\/ambtottancat.com\/ca\/wp-json\/wp\/v2\/media\/1605"}],"wp:attachment":[{"href":"https:\/\/ambtottancat.com\/ca\/wp-json\/wp\/v2\/media?parent=3189"}],"curies":[{"name":"wp","href":"https:\/\/api.w.org\/{rel}","templated":true}]}}