{"id":3199,"date":"2023-11-22T11:42:24","date_gmt":"2023-11-22T09:42:24","guid":{"rendered":"https:\/\/ambtottancat.com\/serveis\/serveis-de-manteniment-integral-la-solucio-per-a-comunitats-de-veins\/"},"modified":"2025-11-26T18:30:29","modified_gmt":"2025-11-26T16:30:29","slug":"serveis-de-manteniment","status":"publish","type":"page","link":"https:\/\/ambtottancat.com\/ca\/serveis\/serveis-de-manteniment\/","title":{"rendered":"Serveis de Manteniment Integral per a Comunitats de Ve\u00efns"},"content":{"rendered":"<div class=\"gb-container gb-container-c1a20ec3 alignfull\">\n<div class=\"gb-container gb-container-4c709a75\">\n<div class=\"gb-grid-wrapper gb-grid-wrapper-32b34536\">\n<div class=\"gb-grid-column gb-grid-column-d91c8984\"><div class=\"gb-container gb-container-d91c8984\">\n\n<figure class=\"wp-block-image size-full is-style-default\"><img loading=\"lazy\" decoding=\"async\" width=\"1080\" height=\"1080\" src=\"https:\/\/ambtottancat.com\/wp-content\/uploads\/2024\/01\/18.jpg\" alt=\"Serveis de Manteniment\" class=\"wp-image-3473\" srcset=\"https:\/\/ambtottancat.com\/wp-content\/uploads\/2024\/01\/18.jpg 1080w, https:\/\/ambtottancat.com\/wp-content\/uploads\/2024\/01\/18-300x300.jpg 300w, https:\/\/ambtottancat.com\/wp-content\/uploads\/2024\/01\/18-1024x1024.jpg 1024w, https:\/\/ambtottancat.com\/wp-content\/uploads\/2024\/01\/18-150x150.jpg 150w, https:\/\/ambtottancat.com\/wp-content\/uploads\/2024\/01\/18-768x768.jpg 768w\" sizes=\"auto, (max-width: 1080px) 100vw, 1080px\" \/><\/figure>\n\n<\/div><\/div>\n\n<div class=\"gb-grid-column gb-grid-column-a3c77465\"><div class=\"gb-container gb-container-a3c77465\">\n\n<h2 class=\"gb-headline gb-headline-e653ba6d gb-headline-text\">LA Import\u00e0ncia dels SERVEIS DE Manteniment<\/h2>\n\n\n\n<p>El <strong>manteniment integral<\/strong> \u00e9s essencial per garantir la seguretat, la comoditat i el valor de les propietats en una comunitat de ve\u00efns. Un edifici ben mantingut no nom\u00e9s millora la qualitat de vida dels seus llogaters, sin\u00f3 que tamb\u00e9 preveu problemes a llarg termini i redueix costos futurs.<\/p>\n\n<\/div><\/div>\n<\/div>\n<\/div>\n<\/div>\n\n<div class=\"gb-container gb-container-f237e27a alignfull\">\n<div class=\"gb-container gb-container-192f320a\">\n\n<h2 class=\"wp-block-heading has-text-align-left has-accent-color has-text-color\" style=\"font-size:30px;font-style:normal;font-weight:400;text-transform:uppercase\">Beneficis de contractar els nostres serveis<\/h2>\n\n\n\n<div class=\"wp-block-columns is-layout-flex wp-container-core-columns-is-layout-9d6595d7 wp-block-columns-is-layout-flex\">\n<div class=\"wp-block-column is-layout-flow wp-block-column-is-layout-flow\"><div class=\"wp-block-image\">\n<figure class=\"aligncenter size-medium is-resized\"><img loading=\"lazy\" decoding=\"async\" width=\"300\" height=\"300\" src=\"https:\/\/ambtottancat.com\/wp-content\/uploads\/2023\/11\/8-2-300x300.png\" alt=\"\" class=\"wp-image-2648\" style=\"aspect-ratio:1;width:152px;height:auto\" srcset=\"https:\/\/ambtottancat.com\/wp-content\/uploads\/2023\/11\/8-2-300x300.png 300w, https:\/\/ambtottancat.com\/wp-content\/uploads\/2023\/11\/8-2-150x150.png 150w, https:\/\/ambtottancat.com\/wp-content\/uploads\/2023\/11\/8-2.png 375w\" sizes=\"auto, (max-width: 300px) 100vw, 300px\" \/><\/figure>\n<\/div>\n\n\n<h3 class=\"wp-block-heading has-text-align-left\">Augment del valor de la propietat<\/h3>\n\n\n\n<p class=\"has-text-align-left\">Un edifici ben mantingut \u00e9s m\u00e9s atractiu per a possibles compradors o llogaters, cosa que pot augmentar significativament el valor de les propietats a la comunitat.<\/p>\n<\/div>\n\n\n\n<div class=\"wp-block-column is-layout-flow wp-block-column-is-layout-flow\"><div class=\"wp-block-image\">\n<figure class=\"aligncenter size-full is-resized\"><img loading=\"lazy\" decoding=\"async\" width=\"375\" height=\"375\" src=\"https:\/\/ambtottancat.com\/wp-content\/uploads\/2023\/11\/9-1.png\" alt=\"\" class=\"wp-image-2650\" style=\"aspect-ratio:1;width:154px;height:auto\" srcset=\"https:\/\/ambtottancat.com\/wp-content\/uploads\/2023\/11\/9-1.png 375w, https:\/\/ambtottancat.com\/wp-content\/uploads\/2023\/11\/9-1-300x300.png 300w, https:\/\/ambtottancat.com\/wp-content\/uploads\/2023\/11\/9-1-150x150.png 150w\" sizes=\"auto, (max-width: 375px) 100vw, 375px\" \/><\/figure>\n<\/div>\n\n\n<h3 class=\"wp-block-heading has-text-align-left\">Reducci\u00f3 de costos a llarg termini<\/h3>\n\n\n\n<p class=\"has-text-align-left\">Invertir en <strong>serveis de manteniment<\/strong> preventiu pot ajudar a identificar i solucionar problemes abans que s&#8217;agreugin, evitant reparacions costoses en el futur.<\/p>\n<\/div>\n\n\n\n<div class=\"wp-block-column is-layout-flow wp-block-column-is-layout-flow\"><div class=\"wp-block-image\">\n<figure class=\"aligncenter size-full is-resized\"><img loading=\"lazy\" decoding=\"async\" width=\"500\" height=\"500\" src=\"https:\/\/ambtottancat.com\/wp-content\/uploads\/2023\/11\/ojo-2.png\" alt=\"\" class=\"wp-image-2211\" style=\"aspect-ratio:1;width:154px;height:auto\" srcset=\"https:\/\/ambtottancat.com\/wp-content\/uploads\/2023\/11\/ojo-2.png 500w, https:\/\/ambtottancat.com\/wp-content\/uploads\/2023\/11\/ojo-2-300x300.png 300w, https:\/\/ambtottancat.com\/wp-content\/uploads\/2023\/11\/ojo-2-150x150.png 150w\" sizes=\"auto, (max-width: 500px) 100vw, 500px\" \/><\/figure>\n<\/div>\n\n\n<h3 class=\"wp-block-heading has-text-align-left\">Tranquil\u00b7litat per als llogaters<\/h3>\n\n\n\n<p class=\"has-text-align-left\">Saber que el seu edifici est\u00e0 en mans de professionals i que es duu a terme un manteniment regular brinda tranquil\u00b7litat als llogaters, que poden estar segurs que la seva llar est\u00e0 ben cuidada.<\/p>\n<\/div>\n<\/div>\n\n\n\n<p>A Amb Tot Tancat, entenem que cada comunitat \u00e9s \u00fanica. Per aix\u00f2, ens esforcem per oferir solucions personalitzades que s&#8217;adaptin a les necessitats espec\u00edfiques de cada client. Amb anys d&#8217;experi\u00e8ncia al sector som l&#8217;elecci\u00f3 preferida de moltes comunitats a Catalunya.<\/p>\n\n<\/div>\n<\/div>\n\n<div class=\"gb-container gb-container-e888644d smooth-scroll alignfull\">\n<div class=\"gb-container gb-container-8475d5fb\">\n\n<a class=\"gb-button gb-button-a719294d gb-button-text\" href=\"#contactar\">Contactar<\/a>\n\n<\/div>\n<\/div>\n\n<div class=\"gb-container gb-container-9aa27066 alignfull\">\n<div class=\"gb-container gb-container-8e97c6c9\">\n\n<h2 class=\"gb-headline gb-headline-1000eb29 gb-headline-text\">Qu\u00e8 oferim a Amb Tot Tancat?<\/h2>\n\n\n\n<div class=\"wp-block-columns are-vertically-aligned-center is-layout-flex wp-container-core-columns-is-layout-9d6595d7 wp-block-columns-is-layout-flex\">\n<div class=\"wp-block-column is-vertically-aligned-center is-layout-flow wp-block-column-is-layout-flow\" style=\"flex-basis:66.66%\">\n<h3 class=\"wp-block-heading\" style=\"font-size:27px\">Manteniment especialitzat<\/h3>\n\n\n\n<p>Els nostres <strong>serveis de manteniment<\/strong> estan dissenyats per atendre les necessitats espec\u00edfiques de cada comunitat. Des de serralleria fins a instal\u00b7lacions el\u00e8ctriques, el nostre equip de professionals est\u00e0 capacitat per manejar una \u00e0mplia varietat de tasques.<\/p>\n\n\n\n<h2 class=\"wp-block-heading\" style=\"font-size:27px\">Seguretat i protecci\u00f3<\/h2>\n\n\n\n<p>La seguretat dels llogaters \u00e9s la nostra prioritat. Per aix\u00f2, oferim serveis com la instal\u00b7laci\u00f3 de panys de seguretat, sistemes de tancament i protecci\u00f3 antipalanca, i fabricaci\u00f3 i reparaci\u00f3 de reixes.<\/p>\n<\/div>\n\n\n\n<div class=\"wp-block-column is-vertically-aligned-center is-layout-flow wp-block-column-is-layout-flow\" style=\"flex-basis:33.33%\">\n<figure class=\"wp-block-image size-full wp-duotone-unset-1\"><img loading=\"lazy\" decoding=\"async\" width=\"1920\" height=\"1080\" src=\"https:\/\/ambtottancat.com\/wp-content\/uploads\/2024\/01\/26.jpg\" alt=\"Serveis de Manteniment\" class=\"wp-image-3475\" style=\"aspect-ratio:4\/3;object-fit:cover\" srcset=\"https:\/\/ambtottancat.com\/wp-content\/uploads\/2024\/01\/26.jpg 1920w, https:\/\/ambtottancat.com\/wp-content\/uploads\/2024\/01\/26-300x169.jpg 300w, https:\/\/ambtottancat.com\/wp-content\/uploads\/2024\/01\/26-1024x576.jpg 1024w, https:\/\/ambtottancat.com\/wp-content\/uploads\/2024\/01\/26-768x432.jpg 768w, https:\/\/ambtottancat.com\/wp-content\/uploads\/2024\/01\/26-1536x864.jpg 1536w\" sizes=\"auto, (max-width: 1920px) 100vw, 1920px\" \/><\/figure>\n<\/div>\n<\/div>\n\n<\/div>\n<\/div>\n\n<div class=\"gb-container gb-container-4c5bb370 alignfull\">\n<div class=\"gb-container gb-container-c58b29c4\">\n\n<h2 class=\"gb-headline gb-headline-5f999a71 gb-headline-text\">El nostre Comprom\u00eds amb l&#8217;Excel\u00b7l\u00e8ncia<\/h2>\n\n\n\n<p>A Amb Tot Tancat, la nostra missi\u00f3 \u00e9s oferir <strong>serveis de manteniment<\/strong> de la m\u00e9s alta qualitat. El nostre comprom\u00eds amb l&#8217;excel\u00b7l\u00e8ncia es reflecteix a cada treball que realitzem, garantint la satisfacci\u00f3 total dels nostres clients.<\/p>\n\n\n\n<div class=\"wp-block-columns are-vertically-aligned-center is-layout-flex wp-container-core-columns-is-layout-9d6595d7 wp-block-columns-is-layout-flex\">\n<div class=\"wp-block-column is-vertically-aligned-center is-layout-flow wp-block-column-is-layout-flow\" style=\"flex-basis:33.33%\">\n<figure class=\"wp-block-image size-full wp-duotone-unset-2\"><img loading=\"lazy\" decoding=\"async\" width=\"1920\" height=\"1080\" src=\"https:\/\/ambtottancat.com\/wp-content\/uploads\/2024\/01\/27.jpg\" alt=\"Serveis de Manteniment\" class=\"wp-image-3477\" style=\"aspect-ratio:4\/3;object-fit:cover\" srcset=\"https:\/\/ambtottancat.com\/wp-content\/uploads\/2024\/01\/27.jpg 1920w, https:\/\/ambtottancat.com\/wp-content\/uploads\/2024\/01\/27-300x169.jpg 300w, https:\/\/ambtottancat.com\/wp-content\/uploads\/2024\/01\/27-1024x576.jpg 1024w, https:\/\/ambtottancat.com\/wp-content\/uploads\/2024\/01\/27-768x432.jpg 768w, https:\/\/ambtottancat.com\/wp-content\/uploads\/2024\/01\/27-1536x864.jpg 1536w\" sizes=\"auto, (max-width: 1920px) 100vw, 1920px\" \/><\/figure>\n<\/div>\n\n\n\n<div class=\"wp-block-column is-vertically-aligned-center is-layout-flow wp-block-column-is-layout-flow\" style=\"flex-basis:66.66%\">\n<h3 class=\"wp-block-heading\" style=\"font-size:27px\">Equip de professionals capacitats<\/h3>\n\n\n\n<p>Comptem amb un equip d&#8217;experts altament capacitats a diferents \u00e0rees del manteniment. Des d&#8217;electricistes fins a serrallers, cada membre del nostre equip est\u00e0 dedicat a oferir un servei impecable.<\/p>\n\n\n\n<h2 class=\"wp-block-heading\" style=\"font-size:27px\">\u00das de tecnologia avan\u00e7ada<\/h2>\n\n\n\n<p>Utilitzem eines i tecnologies d&#8217;avantguarda per assegurar-nos que cada tasca es faci de manera eficient i efectiva. Aix\u00f2 ens permet oferir solucions r\u00e0pides i duradores als problemes de manteniment.<\/p>\n<\/div>\n<\/div>\n\n<\/div>\n<\/div>\n\n<div class=\"gb-container gb-container-e888644d smooth-scroll alignfull\">\n<div class=\"gb-container gb-container-8475d5fb\">\n\n<a class=\"gb-button gb-button-a719294d gb-button-text\" href=\"#contactar\">Contactar<\/a>\n\n<\/div>\n<\/div>\n\n<div class=\"gb-container gb-container-f2f67b12 alignfull\">\n<div class=\"gb-container gb-container-2f1ca5ef\">\n\n<h2 class=\"gb-headline gb-headline-76856033 gb-headline-text\">Serveis Addicionals per a Comunitats<\/h2>\n\n\n<div class=\"gb-grid-wrapper gb-grid-wrapper-23ab8c54\">\n<div class=\"gb-grid-column gb-grid-column-96a5b611\"><div class=\"gb-container gb-container-96a5b611\">\n\n<h3 class=\"gb-headline gb-headline-de9ee5d4 gb-headline-text\">Assessorament personalitzat<\/h3>\n\n\n\n<p>Oferim consultes i assessorament personalitzat per ajudar les comunitats a identificar les vostres necessitats espec\u00edfiques i determinar les solucions m\u00e9s adequades.<\/p>\n\n\n\n<h3 class=\"gb-headline gb-headline-7cdcf8bb gb-headline-text\">Serveis d&#8217;emerg\u00e8ncia<\/h3>\n\n\n\n<p>Entenem que alguns problemes de manteniment poden sorgir de manera inesperada. Per aix\u00f2, oferim <strong>serveis de manteniment<\/strong> d&#8217;emerg\u00e8ncia per abordar problemes urgents i garantir la seguretat dels llogaters.<\/p>\n\n<\/div><\/div>\n\n<div class=\"gb-grid-column gb-grid-column-2103f7bc\"><div class=\"gb-container gb-container-2103f7bc\">\n<div class=\"wp-block-image wp-duotone-unset-3\">\n<figure class=\"aligncenter size-full\"><img loading=\"lazy\" decoding=\"async\" width=\"1920\" height=\"1080\" src=\"https:\/\/ambtottancat.com\/wp-content\/uploads\/2024\/01\/28.jpg\" alt=\"Serveis de Manteniment\" class=\"wp-image-3480\" style=\"aspect-ratio:4\/3;object-fit:cover\" srcset=\"https:\/\/ambtottancat.com\/wp-content\/uploads\/2024\/01\/28.jpg 1920w, https:\/\/ambtottancat.com\/wp-content\/uploads\/2024\/01\/28-300x169.jpg 300w, https:\/\/ambtottancat.com\/wp-content\/uploads\/2024\/01\/28-1024x576.jpg 1024w, https:\/\/ambtottancat.com\/wp-content\/uploads\/2024\/01\/28-768x432.jpg 768w, https:\/\/ambtottancat.com\/wp-content\/uploads\/2024\/01\/28-1536x864.jpg 1536w\" sizes=\"auto, (max-width: 1920px) 100vw, 1920px\" \/><\/figure>\n<\/div>\n<\/div><\/div>\n<\/div>\n<\/div>\n<\/div>\n\n<div class=\"gb-container gb-container-92e193db alignfull\">\n<div class=\"gb-container gb-container-834f320f\">\n\n<h2 class=\"gb-headline gb-headline-e05e3d2e gb-headline-text\">Testimonis de Comunitats Satisfetes<\/h2>\n\n\n\n<p>La confian\u00e7a i satisfacci\u00f3 de les nostres comunitats s\u00f3n el nostre aval m\u00e9s gran. Al llarg dels anys, hem treballat amb nombroses comunitats a Catalunya, i els testimonis parlen per ells mateixos.<\/p>\n\n<\/div>\n\n<div class=\"gb-container gb-container-c5067251\">\n\n<div class=\"wp-block-columns is-layout-flex wp-container-core-columns-is-layout-9d6595d7 wp-block-columns-is-layout-flex\">\n<div class=\"wp-block-column is-layout-flow wp-block-column-is-layout-flow\"><div class=\"wp-block-image\">\n<figure class=\"aligncenter size-full is-resized\"><img loading=\"lazy\" decoding=\"async\" width=\"200\" height=\"200\" src=\"https:\/\/ambtottancat.com\/wp-content\/uploads\/2023\/11\/Persona-3.png\" alt=\"\" class=\"wp-image-2814\" style=\"aspect-ratio:1;width:152px;height:auto\" srcset=\"https:\/\/ambtottancat.com\/wp-content\/uploads\/2023\/11\/Persona-3.png 200w, https:\/\/ambtottancat.com\/wp-content\/uploads\/2023\/11\/Persona-3-150x150.png 150w\" sizes=\"auto, (max-width: 200px) 100vw, 200px\" \/><\/figure>\n<\/div>\n\n\n<blockquote class=\"wp-block-quote has-text-align-center is-layout-flow wp-block-quote-is-layout-flow\">\n<h6 class=\"wp-block-heading has-text-align-center\">&#8220;Des que contractem els serveis d&#8217;Amb Tot Tancat, el nostre edifici mai no ha estat en millor estat. S\u00f3n professionals, eficients i sempre estan disposats a ajudar.&#8221;<\/h6>\n<cite>Laura G., Presidenta de la Comunitat<\/cite><\/blockquote>\n<\/div>\n\n\n\n<div class=\"wp-block-column is-layout-flow wp-block-column-is-layout-flow\"><div class=\"wp-block-image\">\n<figure class=\"aligncenter size-full is-resized\"><img loading=\"lazy\" decoding=\"async\" width=\"200\" height=\"200\" src=\"https:\/\/ambtottancat.com\/wp-content\/uploads\/2023\/11\/Persona-3.png\" alt=\"\" class=\"wp-image-2814\" style=\"aspect-ratio:1;width:154px;height:auto\" srcset=\"https:\/\/ambtottancat.com\/wp-content\/uploads\/2023\/11\/Persona-3.png 200w, https:\/\/ambtottancat.com\/wp-content\/uploads\/2023\/11\/Persona-3-150x150.png 150w\" sizes=\"auto, (max-width: 200px) 100vw, 200px\" \/><\/figure>\n<\/div>\n\n\n<blockquote class=\"wp-block-quote has-text-align-center is-layout-flow wp-block-quote-is-layout-flow\">\n<h6 class=\"wp-block-heading has-text-align-center\">&#8220;La tranquil\u00b7litat de saber que el nostre edifici est\u00e0 en mans d&#8217;experts \u00e9s inigualable. Recomano \u00e0mpliament els serveis de manteniment d&#8217;Amb Tot Tancat.&#8221;<\/h6>\n<cite>Jordi P., Administrador de Finques<\/cite><\/blockquote>\n<\/div>\n<\/div>\n\n<\/div>\n<\/div>\n\n<div class=\"gb-container gb-container-7a9638d3 alignfull\"><div class=\"gb-inside-container\">\n<div class=\"gb-grid-wrapper gb-grid-wrapper-e875819b\">\n<div class=\"gb-grid-column gb-grid-column-ac56b380\"><div class=\"gb-container gb-container-ac56b380\"><div class=\"gb-inside-container\"><\/div><\/div><\/div>\n\n<div class=\"gb-grid-column gb-grid-column-d10430f6\"><div class=\"gb-container gb-container-d10430f6 container-gb-2233\" id=\"contactar\"><div class=\"gb-inside-container\">\n\n<h2 class=\"gb-headline gb-headline-e9bb6e62 gb-headline-text\">contacta&#8217;ns A TRAV\u00c9S DE LA WEB I ACONSEGUEIX UN <strong>15% DE DESCOMPTE<\/strong><\/h2>\n\n\n\n<p class=\"has-text-align-left has-contrast-color has-text-color has-link-color wp-elements-3822ebb9cf33b53a875c72d83f01a9c0\">En cas d&#8217;<strong>urg\u00e8ncies 24 hores<\/strong>, contacta&#8217;ns en qualsevol moment i enviarem un professional a la teva ubicaci\u00f3. No importa la gran o complexitat que sigui la feina, amb la nostra experi\u00e8ncia i \u00e0mplia varietat d&#8217;eines podem trobar la soluci\u00f3 perfecta.<\/p>\n\n\n\n<p class=\"gb-headline gb-headline-c33ed3db gb-headline-text\">Tens un projecte al cap?<br>Omple el formulari i ens posarem en contacte amb tu.<\/p>\n\n\n<p><iframe\n    src=\"https:\/\/updates.ecoseo.net\/widget\/form\/LaSrYOtWryQedBbhbf0W\"\n    style=\"width:100%;height:100%;border:none;border-radius:3px\"\n    id=\"inline-LaSrYOtWryQedBbhbf0W\" \n    data-layout=\"{'id':'INLINE'}\"\n    data-trigger-type=\"alwaysShow\"\n    data-trigger-value=\"\"\n    data-activation-type=\"alwaysActivated\"\n    data-activation-value=\"\"\n    data-deactivation-type=\"neverDeactivate\"\n    data-deactivation-value=\"\"\n    data-form-name=\"Form Web Servicios de Mantenimiento - CAT\"\n    data-height=\"647\"\n    data-layout-iframe-id=\"inline-LaSrYOtWryQedBbhbf0W\"\n    data-form-id=\"LaSrYOtWryQedBbhbf0W\"\n    title=\"Form Web Servicios de Mantenimiento - CAT\"\n        ><br \/>\n<\/iframe><br \/>\n<script src=\"https:\/\/updates.ecoseo.net\/js\/form_embed.js\"><\/script><\/p>\n\n<\/div><\/div><\/div>\n<\/div>\n<\/div><\/div>\n\n<div class=\"gb-container gb-container-7b9d47b7 alignfull\">\n<div class=\"gb-container gb-container-52aa2dac\">\n\n<h2 class=\"gb-headline gb-headline-48ef26c6 gb-headline-text\">PREGUNTES FREQ\u00dcENTS (FAQ)<\/h2>\n\n\n<div id=\"rank-math-faq\" class=\"rank-math-block\">\n<div class=\"rank-math-list \">\n<div id=\"faq-question-1697987201261\" class=\"rank-math-list-item\">\n<h3 class=\"rank-math-question \">1. Ofereixen contractes de manteniment a llarg termini?<\/h3>\n<div class=\"rank-math-answer \">\n\n<p>S\u00ed, oferim contractes de manteniment a llarg termini adaptats a les necessitats espec\u00edfiques de cada comunitat.<\/p>\n\n<\/div>\n<\/div>\n<div id=\"faq-question-1697987210106\" class=\"rank-math-list-item\">\n<h3 class=\"rank-math-question \">2. Com es manegen les emerg\u00e8ncies o problemes urgents?<\/h3>\n<div class=\"rank-math-answer \">\n\n<p>Comptem amb un equip de resposta r\u00e0pida per abordar emerg\u00e8ncies i garantir la seguretat i comoditat dels llogaters.<\/p>\n\n<\/div>\n<\/div>\n<div id=\"faq-question-1697987262773\" class=\"rank-math-list-item\">\n<h3 class=\"rank-math-question \">3. Quines \u00e0rees o regions cobreixen amb els serveis?<\/h3>\n<div class=\"rank-math-answer \">\n\n<p>Oferim els nostres serveis de manteniment a tot Catalunya. Si tens dubtes sobre la cobertura a la teva \u00e0rea, no dubtis a contactar-nos.<\/p>\n\n<\/div>\n<\/div>\n<div id=\"faq-question-1699310490747\" class=\"rank-math-list-item\">\n<h3 class=\"rank-math-question \">4. Com es determinen els costos dels serveis de manteniment?<\/h3>\n<div class=\"rank-math-answer \">\n\n<p>Els costos es determinen segons les necessitats espec\u00edfiques de la comunitat, l&#8217;abast del treball i la durada del contracte.<\/p>\n\n<\/div>\n<\/div>\n<\/div>\n<\/div>\n\n<div class=\"gb-button-wrapper gb-button-wrapper-da944254\">\n\n<a class=\"gb-button gb-button-76312997\" href=\"https:\/\/www.facebook.com\/ambtottancat\" target=\"_blank\" rel=\"noopener\"><span class=\"gb-icon\"><svg xmlns=\"http:\/\/www.w3.org\/2000\/svg\" viewBox=\"0 0 320 512\" width=\"1em\" height=\"1em\" aria-hidden=\"true\"><path d=\"M279.14 288l14.22-92.66h-88.91v-60.13c0-25.35 12.42-50.06 52.24-50.06h40.42V6.26S260.43 0 225.36 0c-73.22 0-121.08 44.38-121.08 124.72v70.62H22.89V288h81.39v224h100.17V288z\" fill=\"currentColor\"><\/path><\/svg><\/span><\/a>\n\n\n\n<a class=\"gb-button gb-button-062ed5cf\" href=\"https:\/\/www.instagram.com\/ambtottancat\/\" target=\"_blank\" rel=\"noopener noreferrer\"><span class=\"gb-icon\"><svg xmlns=\"http:\/\/www.w3.org\/2000\/svg\" viewBox=\"0 0 448 512\" width=\"1em\" height=\"1em\" aria-hidden=\"true\"><path d=\"M224.1 141c-63.6 0-114.9 51.3-114.9 114.9s51.3 114.9 114.9 114.9S339 319.5 339 255.9 287.7 141 224.1 141zm0 189.6c-41.1 0-74.7-33.5-74.7-74.7s33.5-74.7 74.7-74.7 74.7 33.5 74.7 74.7-33.6 74.7-74.7 74.7zm146.4-194.3c0 14.9-12 26.8-26.8 26.8-14.9 0-26.8-12-26.8-26.8s12-26.8 26.8-26.8 26.8 12 26.8 26.8zm76.1 27.2c-1.7-35.9-9.9-67.7-36.2-93.9-26.2-26.2-58-34.4-93.9-36.2-37-2.1-147.9-2.1-184.9 0-35.8 1.7-67.6 9.9-93.9 36.1s-34.4 58-36.2 93.9c-2.1 37-2.1 147.9 0 184.9 1.7 35.9 9.9 67.7 36.2 93.9s58 34.4 93.9 36.2c37 2.1 147.9 2.1 184.9 0 35.9-1.7 67.7-9.9 93.9-36.2 26.2-26.2 34.4-58 36.2-93.9 2.1-37 2.1-147.8 0-184.8zM398.8 388c-7.8 19.6-22.9 34.7-42.6 42.6-29.5 11.7-99.5 9-132.1 9s-102.7 2.6-132.1-9c-19.6-7.8-34.7-22.9-42.6-42.6-11.7-29.5-9-99.5-9-132.1s-2.6-102.7 9-132.1c7.8-19.6 22.9-34.7 42.6-42.6 29.5-11.7 99.5-9 132.1-9s102.7-2.6 132.1 9c19.6 7.8 34.7 22.9 42.6 42.6 11.7 29.5 9 99.5 9 132.1s2.7 102.7-9 132.1z\" fill=\"currentColor\"><\/path><\/svg><\/span><\/a>\n\n\n\n<a class=\"gb-button gb-button-9b48ae64\" href=\"https:\/\/twitter.com\/ambtottancat?s=20\" target=\"_blank\" rel=\"noopener\"><span class=\"gb-icon\"><svg xmlns=\"http:\/\/www.w3.org\/2000\/svg\" viewBox=\"0 0 512 512\" width=\"1em\" height=\"1em\" aria-hidden=\"true\"><path d=\"M459.37 151.716c.325 4.548.325 9.097.325 13.645 0 138.72-105.583 298.558-298.558 298.558-59.452 0-114.68-17.219-161.137-47.106 8.447.974 16.568 1.299 25.34 1.299 49.055 0 94.213-16.568 130.274-44.832-46.132-.975-84.792-31.188-98.112-72.772 6.498.974 12.995 1.624 19.818 1.624 9.421 0 18.843-1.3 27.614-3.573-48.081-9.747-84.143-51.98-84.143-102.985v-1.299c13.969 7.797 30.214 12.67 47.431 13.319-28.264-18.843-46.781-51.005-46.781-87.391 0-19.492 5.197-37.36 14.294-52.954 51.655 63.675 129.3 105.258 216.365 109.807-1.624-7.797-2.599-15.918-2.599-24.04 0-57.828 46.782-104.934 104.934-104.934 30.213 0 57.502 12.67 76.67 33.137 23.715-4.548 46.456-13.32 66.599-25.34-7.798 24.366-24.366 44.833-46.132 57.827 21.117-2.273 41.584-8.122 60.426-16.243-14.292 20.791-32.161 39.308-52.628 54.253z\" fill=\"currentColor\"><\/path><\/svg><\/span><\/a>\n\n\n\n<a class=\"gb-button gb-button-9667374b\" href=\"https:\/\/www.youtube.com\/@ambtottancat\" target=\"_blank\" rel=\"noopener\"><span class=\"gb-icon\"><svg aria-hidden=\"true\" role=\"img\" height=\"1em\" width=\"1em\" viewBox=\"0 0 576 512\" xmlns=\"http:\/\/www.w3.org\/2000\/svg\"><path fill=\"currentColor\" d=\"M549.655 124.083c-6.281-23.65-24.787-42.276-48.284-48.597C458.781 64 288 64 288 64S117.22 64 74.629 75.486c-23.497 6.322-42.003 24.947-48.284 48.597-11.412 42.867-11.412 132.305-11.412 132.305s0 89.438 11.412 132.305c6.281 23.65 24.787 41.5 48.284 47.821C117.22 448 288 448 288 448s170.78 0 213.371-11.486c23.497-6.321 42.003-24.171 48.284-47.821 11.412-42.867 11.412-132.305 11.412-132.305s0-89.438-11.412-132.305zm-317.51 213.508V175.185l142.739 81.205-142.739 81.201z\"><\/path><\/svg><\/span><\/a>\n\n<\/div>\n\n<div class=\"gb-button-wrapper gb-button-wrapper-b4b95af6\">\n\n<a class=\"gb-button gb-button-4d5302f9 gb-button-text\" href=\"https:\/\/ambtottancat.com\/ca\/contacte\/\">CONTACTE<\/a>\n\n<\/div>\n<\/div>\n<\/div>","protected":false},"excerpt":{"rendered":"<p>Beneficis de contractar els nostres serveis Augment del valor de la propietat Un edifici ben &#8230; <a title=\"Serveis de Manteniment Integral per a Comunitats de Ve\u00efns\" class=\"read-more\" href=\"https:\/\/ambtottancat.com\/ca\/serveis\/serveis-de-manteniment\/\" aria-label=\"M\u00e9s informaci\u00f3 sobre Serveis de Manteniment Integral per a Comunitats de Ve\u00efns\">Read more<\/a><\/p>\n","protected":false},"author":1,"featured_media":2120,"parent":1693,"menu_order":0,"comment_status":"closed","ping_status":"closed","template":"","meta":{"footnotes":""},"class_list":["post-3199","page","type-page","status-publish","has-post-thumbnail"],"_links":{"self":[{"href":"https:\/\/ambtottancat.com\/ca\/wp-json\/wp\/v2\/pages\/3199","targetHints":{"allow":["GET"]}}],"collection":[{"href":"https:\/\/ambtottancat.com\/ca\/wp-json\/wp\/v2\/pages"}],"about":[{"href":"https:\/\/ambtottancat.com\/ca\/wp-json\/wp\/v2\/types\/page"}],"author":[{"embeddable":true,"href":"https:\/\/ambtottancat.com\/ca\/wp-json\/wp\/v2\/users\/1"}],"replies":[{"embeddable":true,"href":"https:\/\/ambtottancat.com\/ca\/wp-json\/wp\/v2\/comments?post=3199"}],"version-history":[{"count":0,"href":"https:\/\/ambtottancat.com\/ca\/wp-json\/wp\/v2\/pages\/3199\/revisions"}],"up":[{"embeddable":true,"href":"https:\/\/ambtottancat.com\/ca\/wp-json\/wp\/v2\/pages\/1693"}],"wp:featuredmedia":[{"embeddable":true,"href":"https:\/\/ambtottancat.com\/ca\/wp-json\/wp\/v2\/media\/2120"}],"wp:attachment":[{"href":"https:\/\/ambtottancat.com\/ca\/wp-json\/wp\/v2\/media?parent=3199"}],"curies":[{"name":"wp","href":"https:\/\/api.w.org\/{rel}","templated":true}]}}