{"id":3207,"date":"2023-11-22T16:08:06","date_gmt":"2023-11-22T14:08:06","guid":{"rendered":"https:\/\/ambtottancat.com\/serveis\/treballs-en-acer-inoxidable-qualitat-i-durabilitat-garantides\/"},"modified":"2025-11-26T18:34:55","modified_gmt":"2025-11-26T16:34:55","slug":"treballs-en-acer-inoxidable","status":"publish","type":"page","link":"https:\/\/ambtottancat.com\/ca\/serveis\/treballs-en-acer-inoxidable\/","title":{"rendered":"Treballs en Acer Inoxidable"},"content":{"rendered":"<div class=\"gb-container gb-container-c1a20ec3 alignfull\">\n<div class=\"gb-container gb-container-4c709a75\">\n<div class=\"gb-grid-wrapper gb-grid-wrapper-32b34536\">\n<div class=\"gb-grid-column gb-grid-column-d91c8984\"><div class=\"gb-container gb-container-d91c8984\">\n\n<figure class=\"wp-block-image size-full is-style-default\"><img loading=\"lazy\" decoding=\"async\" width=\"1080\" height=\"1080\" src=\"https:\/\/ambtottancat.com\/wp-content\/uploads\/2024\/01\/19.jpg\" alt=\"Treballs en Acer Inoxidable\" class=\"wp-image-3486\" srcset=\"https:\/\/ambtottancat.com\/wp-content\/uploads\/2024\/01\/19.jpg 1080w, https:\/\/ambtottancat.com\/wp-content\/uploads\/2024\/01\/19-300x300.jpg 300w, https:\/\/ambtottancat.com\/wp-content\/uploads\/2024\/01\/19-1024x1024.jpg 1024w, https:\/\/ambtottancat.com\/wp-content\/uploads\/2024\/01\/19-150x150.jpg 150w, https:\/\/ambtottancat.com\/wp-content\/uploads\/2024\/01\/19-768x768.jpg 768w\" sizes=\"auto, (max-width: 1080px) 100vw, 1080px\" \/><\/figure>\n\n<\/div><\/div>\n\n<div class=\"gb-grid-column gb-grid-column-a3c77465\"><div class=\"gb-container gb-container-a3c77465\">\n\n<h2 class=\"gb-headline gb-headline-e653ba6d gb-headline-text\">L&#8217;Excel\u00b7l\u00e8ncia de l&#8217;acer inoxidable<\/h2>\n\n\n\n<p>L&#8217;<strong>acer inoxidable<\/strong> \u00e9s un dels materials m\u00e9s valorats a la ind\u00fastria de la construcci\u00f3 i disseny a causa de la seva resist\u00e8ncia, durabilitat i est\u00e8tica. A Amb Tot Tancat, ens especialitzem en oferir treballs en acer inoxidable personalitzats, garantint productes que no nom\u00e9s s\u00f3n visualment atractius sin\u00f3 tamb\u00e9 duradors i funcionals.<\/p>\n\n<\/div><\/div>\n<\/div>\n<\/div>\n<\/div>\n\n<div class=\"gb-container gb-container-9aa27066 alignfull\">\n<div class=\"gb-container gb-container-8e97c6c9\">\n\n<h2 class=\"gb-headline gb-headline-1000eb29 gb-headline-text\">Caracter\u00edstiques de l&#8217;acer inoxidable<\/h2>\n\n\n\n<div class=\"wp-block-columns are-vertically-aligned-center is-layout-flex wp-container-core-columns-is-layout-9d6595d7 wp-block-columns-is-layout-flex\">\n<div class=\"wp-block-column is-vertically-aligned-center is-layout-flow wp-block-column-is-layout-flow\" style=\"flex-basis:66.66%\">\n<h3 class=\"wp-block-heading\" style=\"font-size:27px\">Resist\u00e8ncia i Durabilitat<\/h3>\n\n\n\n<p>Aquest material destaca per la seva resist\u00e8ncia a la corrosi\u00f3, cosa que el fa ideal per a ambients humits o amb alta salinitat. A m\u00e9s, l&#8217;acabat brillant i polit afegeix un toc d&#8217;eleg\u00e0ncia i modernitat a qualsevol espai.<\/p>\n\n\n\n<h2 class=\"wp-block-heading\" style=\"font-size:27px\">Sostenibilitat i Medi Ambient<\/h2>\n\n\n\n<p>L&#8217;acer inoxidable \u00e9s 100% reciclable, cosa que el converteix en una opci\u00f3 ecol\u00f2gica. En optar per f<strong>eines en acer inoxidabl<\/strong>e, est\u00e0s fent una elecci\u00f3 responsable amb el medi ambient.<\/p>\n<\/div>\n\n\n\n<div class=\"wp-block-column is-vertically-aligned-center is-layout-flow wp-block-column-is-layout-flow\" style=\"flex-basis:33.33%\">\n<figure class=\"wp-block-image size-full wp-duotone-unset-1\"><img loading=\"lazy\" decoding=\"async\" width=\"1920\" height=\"1080\" src=\"https:\/\/ambtottancat.com\/wp-content\/uploads\/2024\/01\/30.jpg\" alt=\"Treballs en Acer Inoxidable\" class=\"wp-image-3488\" style=\"aspect-ratio:4\/3;object-fit:cover\" srcset=\"https:\/\/ambtottancat.com\/wp-content\/uploads\/2024\/01\/30.jpg 1920w, https:\/\/ambtottancat.com\/wp-content\/uploads\/2024\/01\/30-300x169.jpg 300w, https:\/\/ambtottancat.com\/wp-content\/uploads\/2024\/01\/30-1024x576.jpg 1024w, https:\/\/ambtottancat.com\/wp-content\/uploads\/2024\/01\/30-768x432.jpg 768w, https:\/\/ambtottancat.com\/wp-content\/uploads\/2024\/01\/30-1536x864.jpg 1536w\" sizes=\"auto, (max-width: 1920px) 100vw, 1920px\" \/><\/figure>\n<\/div>\n<\/div>\n\n<\/div>\n<\/div>\n\n<div class=\"gb-container gb-container-e888644d smooth-scroll alignfull\">\n<div class=\"gb-container gb-container-8475d5fb\">\n\n<a class=\"gb-button gb-button-a719294d gb-button-text\" href=\"#contactar\">Contactar<\/a>\n\n<\/div>\n<\/div>\n\n<div class=\"gb-container gb-container-8d9aa5b5 alignfull\">\n<div class=\"gb-container gb-container-ec002a83\">\n\n<h2 class=\"gb-headline gb-headline-4a268a29 gb-headline-text\">Varietat de Productes i Serveis<\/h2>\n\n<\/div>\n\n<div class=\"gb-container gb-container-350fb479\">\n<div class=\"gb-grid-wrapper gb-grid-wrapper-7307f1bc\">\n<div class=\"gb-grid-column gb-grid-column-80aa9d3d\"><div class=\"gb-container gb-container-80aa9d3d\">\n<div class=\"gb-grid-wrapper gb-grid-wrapper-44c21fda\">\n<div class=\"gb-grid-column gb-grid-column-0fb8ded7\"><div class=\"gb-container gb-container-0fb8ded7\">\n\n<p class=\"gb-headline gb-headline-5bdca486 gb-headline-text\"><strong>1.<\/strong><\/p>\n\n<\/div><\/div>\n\n<div class=\"gb-grid-column gb-grid-column-e37bc272\"><div class=\"gb-container gb-container-e37bc272\">\n\n<h3 class=\"gb-headline gb-headline-b31ad217 gb-headline-text\">Portes d&#8217;acer inoxidable<\/h3>\n\n<\/div><\/div>\n<\/div>\n<\/div><\/div>\n\n<div class=\"gb-grid-column gb-grid-column-8ddc48a9\"><div class=\"gb-container gb-container-8ddc48a9\">\n\n<p>Les portes fabricades amb aquest material no nom\u00e9s ofereixen seguretat sin\u00f3 tamb\u00e9 un disseny contemporani. S\u00f3n ideals per a entrades principals, patis i \u00e0rees comercials.<\/p>\n\n<\/div><\/div>\n<\/div>\n<\/div>\n\n<div class=\"gb-container gb-container-9df20998\">\n<div class=\"gb-grid-wrapper gb-grid-wrapper-27b34fc1\">\n<div class=\"gb-grid-column gb-grid-column-b0e029b8\"><div class=\"gb-container gb-container-b0e029b8\">\n<div class=\"gb-grid-wrapper gb-grid-wrapper-b7a17753\">\n<div class=\"gb-grid-column gb-grid-column-c568bd35\"><div class=\"gb-container gb-container-c568bd35\">\n\n<p class=\"gb-headline gb-headline-88ce2b0a gb-headline-text\"><strong>2.<\/strong><\/p>\n\n<\/div><\/div>\n\n<div class=\"gb-grid-column gb-grid-column-cc0bdc45\"><div class=\"gb-container gb-container-cc0bdc45\">\n\n<h3 class=\"gb-headline gb-headline-6fd401d5 gb-headline-text\">Reixes i Baranes<\/h3>\n\n<\/div><\/div>\n<\/div>\n<\/div><\/div>\n\n<div class=\"gb-grid-column gb-grid-column-dab76a05\"><div class=\"gb-container gb-container-dab76a05\">\n\n<p>Perfectes per a balcons, terrasses i escales, les reixes i baranes en acer inoxidable combinen funcionalitat amb est\u00e8tica, oferint una soluci\u00f3 robusta i elegant.<\/p>\n\n<\/div><\/div>\n<\/div>\n<\/div>\n\n<div class=\"gb-container gb-container-b9c5bde0\">\n<div class=\"gb-grid-wrapper gb-grid-wrapper-674f1b4a\">\n<div class=\"gb-grid-column gb-grid-column-ec2497af\"><div class=\"gb-container gb-container-ec2497af\">\n<div class=\"gb-grid-wrapper gb-grid-wrapper-8cd0e080\">\n<div class=\"gb-grid-column gb-grid-column-436a22c7\"><div class=\"gb-container gb-container-436a22c7\">\n\n<p class=\"gb-headline gb-headline-6023c894 gb-headline-text\"><strong>3.<\/strong><\/p>\n\n<\/div><\/div>\n\n<div class=\"gb-grid-column gb-grid-column-230bea6a\"><div class=\"gb-container gb-container-230bea6a\">\n\n<h3 class=\"gb-headline gb-headline-c80c8407 gb-headline-text\">Disseny Personalitzat<\/h3>\n\n<\/div><\/div>\n<\/div>\n<\/div><\/div>\n\n<div class=\"gb-grid-column gb-grid-column-b3962378\"><div class=\"gb-container gb-container-b3962378\">\n\n<p>A Amb Tot Tancat, entenem que cada client t\u00e9 necessitats \u00faniques. Per aix\u00f2, oferim serveis de disseny personalitzat, adaptant-nos als teus requeriments i visions est\u00e8tiques.<\/p>\n\n<\/div><\/div>\n<\/div>\n<\/div>\n\n<div class=\"gb-container gb-container-2f72e8eb\">\n\n<p>La nostra experi\u00e8ncia i comprom\u00eds amb l&#8217;excel\u00b7l\u00e8ncia ens posicionen com a l\u00edders en <strong>feines d&#8217;acer inoxidable<\/strong>. Cada projecte \u00e9s una oportunitat per demostrar la nostra passi\u00f3 i dedicaci\u00f3 a oferir solucions de qualitat.<\/p>\n\n<\/div>\n<\/div>\n\n<div class=\"gb-container gb-container-4c5bb370 alignfull\">\n<div class=\"gb-container gb-container-c58b29c4\">\n\n<h2 class=\"gb-headline gb-headline-5f999a71 gb-headline-text\">Proc\u00e9s de Treball a Amb Tot Tancat<\/h2>\n\n\n\n<div class=\"wp-block-columns are-vertically-aligned-center is-layout-flex wp-container-core-columns-is-layout-9d6595d7 wp-block-columns-is-layout-flex\">\n<div class=\"wp-block-column is-vertically-aligned-center is-layout-flow wp-block-column-is-layout-flow\" style=\"flex-basis:33.33%\">\n<figure class=\"wp-block-image size-full wp-duotone-unset-2\"><img loading=\"lazy\" decoding=\"async\" width=\"1080\" height=\"1500\" src=\"https:\/\/ambtottancat.com\/wp-content\/uploads\/2024\/01\/Trabajos-en-acero-inoxidable.jpg\" alt=\"Treballs en Acer Inoxidable\" class=\"wp-image-3491\" srcset=\"https:\/\/ambtottancat.com\/wp-content\/uploads\/2024\/01\/Trabajos-en-acero-inoxidable.jpg 1080w, https:\/\/ambtottancat.com\/wp-content\/uploads\/2024\/01\/Trabajos-en-acero-inoxidable-216x300.jpg 216w, https:\/\/ambtottancat.com\/wp-content\/uploads\/2024\/01\/Trabajos-en-acero-inoxidable-737x1024.jpg 737w, https:\/\/ambtottancat.com\/wp-content\/uploads\/2024\/01\/Trabajos-en-acero-inoxidable-768x1067.jpg 768w\" sizes=\"auto, (max-width: 1080px) 100vw, 1080px\" \/><\/figure>\n<\/div>\n\n\n\n<div class=\"wp-block-column is-vertically-aligned-center is-layout-flow wp-block-column-is-layout-flow\" style=\"flex-basis:66.66%\">\n<h3 class=\"wp-block-heading\" style=\"font-size:27px\">Consulta i Disseny<\/h3>\n\n\n\n<p>Tot projecte comen\u00e7a amb una consulta detallada per entendre les teves necessitats i visions. El nostre equip de dissenyadors treballa amb tu per crear un disseny que reflecteixi les teves idees i s&#8217;adapti perfectament al teu espai.<\/p>\n\n\n\n<h2 class=\"wp-block-heading\" style=\"font-size:27px\">Fabricaci\u00f3 i Qualitat<\/h2>\n\n\n\n<p>Utilitzant t\u00e8cniques avan\u00e7ades i maquin\u00e0ria de darrera generaci\u00f3, fabriquem cada pe\u00e7a amb precisi\u00f3. L&#8217;<strong>acer inoxidable<\/strong> \u00e9s manipulat per experts per garantir productes de la m\u00e9s alta qualitat.<\/p>\n\n\n\n<h2 class=\"wp-block-heading\" style=\"font-size:27px\">Instal\u00b7laci\u00f3 Professional<\/h2>\n\n\n\n<p>El nostre equip d&#8217;instal\u00b7ladors s&#8217;encarrega de col\u00b7locar cada producte al seu lloc, assegurant una instal\u00b7laci\u00f3 segura i duradora. La satisfacci\u00f3 del client \u00e9s la nostra prioritat, i ens esforcem per superar les teves expectatives a cada pas.<\/p>\n<\/div>\n<\/div>\n\n<\/div>\n<\/div>\n\n<div class=\"gb-container gb-container-f237e27a alignfull\">\n<div class=\"gb-container gb-container-192f320a\">\n\n<h2 class=\"wp-block-heading has-text-align-left has-accent-color has-text-color\" style=\"font-size:30px;font-style:normal;font-weight:400;text-transform:uppercase\">Avantatges de Triar Amb Tot Tancat<\/h2>\n\n\n\n<div class=\"wp-block-columns is-layout-flex wp-container-core-columns-is-layout-9d6595d7 wp-block-columns-is-layout-flex\">\n<div class=\"wp-block-column is-layout-flow wp-block-column-is-layout-flow\"><div class=\"wp-block-image\">\n<figure class=\"aligncenter size-full is-resized\"><img loading=\"lazy\" decoding=\"async\" width=\"150\" height=\"150\" src=\"https:\/\/ambtottancat.com\/wp-content\/uploads\/2023\/11\/14-2.png\" alt=\"\" class=\"wp-image-2985\" style=\"aspect-ratio:1;width:152px;height:auto\"\/><\/figure>\n<\/div>\n\n\n<h3 class=\"wp-block-heading has-text-align-center\">Experi\u00e8ncia i Professionalisme<\/h3>\n\n\n\n<p class=\"has-text-align-center\">Amb anys al mercat, hem consolidat la nostra reputaci\u00f3 com a l\u00edders en <strong>treballs en acer inoxidable.<\/strong> La nostra experi\u00e8ncia ens permet oferir solucions innovadores i de qualitat.<\/p>\n<\/div>\n\n\n\n<div class=\"wp-block-column is-layout-flow wp-block-column-is-layout-flow\"><div class=\"wp-block-image\">\n<figure class=\"aligncenter size-full is-resized\"><img loading=\"lazy\" decoding=\"async\" width=\"500\" height=\"500\" src=\"https:\/\/ambtottancat.com\/wp-content\/uploads\/2023\/11\/3.png\" alt=\"\" class=\"wp-image-2189\" style=\"aspect-ratio:1;width:154px;height:auto\" srcset=\"https:\/\/ambtottancat.com\/wp-content\/uploads\/2023\/11\/3.png 500w, https:\/\/ambtottancat.com\/wp-content\/uploads\/2023\/11\/3-300x300.png 300w, https:\/\/ambtottancat.com\/wp-content\/uploads\/2023\/11\/3-150x150.png 150w\" sizes=\"auto, (max-width: 500px) 100vw, 500px\" \/><\/figure>\n<\/div>\n\n\n<h3 class=\"wp-block-heading has-text-align-center\">Relaci\u00f3 Qualitat-Preu<\/h3>\n\n\n\n<p class=\"has-text-align-center\">Oferim productes d\u00b4alta qualitat a preus competitius. A m\u00e9s, amb promocions com el descompte del 15% per als que contactin a trav\u00e9s del nostre lloc web, garantim una excel\u00b7lent relaci\u00f3 qualitat-preu.<\/p>\n<\/div>\n\n\n\n<div class=\"wp-block-column is-layout-flow wp-block-column-is-layout-flow\"><div class=\"wp-block-image\">\n<figure class=\"aligncenter size-full is-resized\"><img loading=\"lazy\" decoding=\"async\" width=\"150\" height=\"150\" src=\"https:\/\/ambtottancat.com\/wp-content\/uploads\/2023\/11\/13-2.png\" alt=\"\" class=\"wp-image-2987\" style=\"aspect-ratio:1;width:154px;height:auto\"\/><\/figure>\n<\/div>\n\n\n<h3 class=\"wp-block-heading has-text-align-center\">Servei Postvenda<\/h3>\n\n\n\n<p class=\"has-text-align-center\">El nostre comprom\u00eds amb tu no acaba amb la instal\u00b7laci\u00f3. Oferim un servei postvenda per assegurar-nos que estiguis satisfet amb el teu producte i atendre qualsevol inquietud que puguis tenir.<\/p>\n<\/div>\n<\/div>\n\n<\/div>\n<\/div>\n\n<div class=\"gb-container gb-container-e888644d smooth-scroll alignfull\">\n<div class=\"gb-container gb-container-8475d5fb\">\n\n<a class=\"gb-button gb-button-a719294d gb-button-text\" href=\"#contactar\">Contactar<\/a>\n\n<\/div>\n<\/div>\n\n<div class=\"gb-container gb-container-ca3f682a alignfull\">\n<div class=\"gb-container gb-container-37eccac4\">\n<div class=\"gb-grid-wrapper gb-grid-wrapper-bad749ac\">\n<div class=\"gb-grid-column gb-grid-column-912af2cd\"><div class=\"gb-container gb-container-912af2cd\">\n\n<figure class=\"wp-block-image size-full is-style-default wp-duotone-rgb000-rgb185185185-3\"><img loading=\"lazy\" decoding=\"async\" width=\"675\" height=\"675\" src=\"https:\/\/ambtottancat.com\/wp-content\/uploads\/2023\/11\/Compromiso-1.png\" alt=\"Treballs en Acer Inoxidable\" class=\"wp-image-2695\" style=\"aspect-ratio:1;object-fit:cover\" srcset=\"https:\/\/ambtottancat.com\/wp-content\/uploads\/2023\/11\/Compromiso-1.png 675w, https:\/\/ambtottancat.com\/wp-content\/uploads\/2023\/11\/Compromiso-1-300x300.png 300w, https:\/\/ambtottancat.com\/wp-content\/uploads\/2023\/11\/Compromiso-1-150x150.png 150w\" sizes=\"auto, (max-width: 675px) 100vw, 675px\" \/><\/figure>\n\n<\/div><\/div>\n\n<div class=\"gb-grid-column gb-grid-column-41d446fa\"><div class=\"gb-container gb-container-41d446fa\">\n\n<h2 class=\"wp-block-heading has-accent-color has-text-color\" style=\"font-size:30px;font-style:normal;font-weight:400;text-transform:uppercase\">COMPROM\u00cdS AMB TOT TANCAT<\/h2>\n\n\n\n<p>El nostre comprom\u00eds va m\u00e9s enll\u00e0 d\u00b4oferir <strong>treballs en acer inoxidable<\/strong> de qualitat. Busquem crear relacions duradores amb els nostres clients, basades en la confian\u00e7a i la satisfacci\u00f3. Per aix\u00f2 treballem dia a dia per millorar els nostres productes i serveis, i per estar a l&#8217;al\u00e7ada de les expectatives dels nostres clients.<\/p>\n\n<\/div><\/div>\n<\/div>\n<\/div>\n<\/div>\n\n<div class=\"gb-container gb-container-7a9638d3 alignfull\"><div class=\"gb-inside-container\">\n<div class=\"gb-grid-wrapper gb-grid-wrapper-e875819b\">\n<div class=\"gb-grid-column gb-grid-column-ac56b380\"><div class=\"gb-container gb-container-ac56b380\"><div class=\"gb-inside-container\"><\/div><\/div><\/div>\n\n<div class=\"gb-grid-column gb-grid-column-d10430f6\"><div class=\"gb-container gb-container-d10430f6 container-gb-2233\" id=\"contactar\"><div class=\"gb-inside-container\">\n\n<h2 class=\"gb-headline gb-headline-e9bb6e62 gb-headline-text\">contacta&#8217;ns A TRAV\u00c9S DE LA WEB I ACONSEGUEIX UN <strong>15% DE DESCOMPTE<\/strong><\/h2>\n\n\n\n<p class=\"has-text-align-left has-contrast-color has-text-color has-link-color wp-elements-3822ebb9cf33b53a875c72d83f01a9c0\">En cas d&#8217;<strong>urg\u00e8ncies 24 hores<\/strong>, contacta&#8217;ns en qualsevol moment i enviarem un professional a la teva ubicaci\u00f3. No importa la gran o complexitat que sigui la feina, amb la nostra experi\u00e8ncia i \u00e0mplia varietat d&#8217;eines podem trobar la soluci\u00f3 perfecta.<\/p>\n\n\n\n<p class=\"gb-headline gb-headline-c33ed3db gb-headline-text\">Tens un projecte al cap?<br>Omple el formulari i ens posarem en contacte amb tu.<\/p>\n\n\n<p><iframe\n    src=\"https:\/\/updates.ecoseo.net\/widget\/form\/2rxrwJbwgHGPDcpLIrcD\"\n    style=\"width:100%;height:100%;border:none;border-radius:3px\"\n    id=\"inline-2rxrwJbwgHGPDcpLIrcD\" \n    data-layout=\"{'id':'INLINE'}\"\n    data-trigger-type=\"alwaysShow\"\n    data-trigger-value=\"\"\n    data-activation-type=\"alwaysActivated\"\n    data-activation-value=\"\"\n    data-deactivation-type=\"neverDeactivate\"\n    data-deactivation-value=\"\"\n    data-form-name=\"Form Web Trabajos en Acero Inoxidable - CAT\"\n    data-height=\"647\"\n    data-layout-iframe-id=\"inline-2rxrwJbwgHGPDcpLIrcD\"\n    data-form-id=\"2rxrwJbwgHGPDcpLIrcD\"\n    title=\"Form Web Trabajos en Acero Inoxidable - CAT\"\n        ><br \/>\n<\/iframe><br \/>\n<script src=\"https:\/\/updates.ecoseo.net\/js\/form_embed.js\"><\/script><\/p>\n\n<\/div><\/div><\/div>\n<\/div>\n<\/div><\/div>\n\n<div class=\"gb-container gb-container-7b9d47b7 alignfull\">\n<div class=\"gb-container gb-container-52aa2dac\">\n\n<h2 class=\"gb-headline gb-headline-48ef26c6 gb-headline-text\">PREGUNTES FREQ\u00dcENTS (FAQ)<\/h2>\n\n\n<div id=\"rank-math-faq\" class=\"rank-math-block\">\n<div class=\"rank-math-list \">\n<div id=\"faq-question-1697987201261\" class=\"rank-math-list-item\">\n<h3 class=\"rank-math-question \">1. Ofereixen garantia als seus treballs en acer inoxidable?<\/h3>\n<div class=\"rank-math-answer \">\n\n<p>S\u00ed, tots els nostres treballs en acer inoxidable venen amb una garantia que cobreix defectes de fabricaci\u00f3 i problemes relacionats amb la instal\u00b7laci\u00f3.<\/p>\n\n<\/div>\n<\/div>\n<div id=\"faq-question-1697987210106\" class=\"rank-math-list-item\">\n<h3 class=\"rank-math-question \">2. \u00c9s possible obtenir un disseny personalitzat pel meu espai?<\/h3>\n<div class=\"rank-math-answer \">\n\n<p>Absolutament. A Amb Tot Tancat, treballem estretament amb els nostres clients per oferir dissenys personalitzats que s&#8217;adaptin a les vostres necessitats i gustos est\u00e8tics.<\/p>\n\n<\/div>\n<\/div>\n<div id=\"faq-question-1697987262773\" class=\"rank-math-list-item\">\n<h3 class=\"rank-math-question \">3. Quins tipus de manteniment requereixen els productes d&#8217;acer inoxidable?<\/h3>\n<div class=\"rank-math-answer \">\n\n<p>L&#8217;acer inoxidable \u00e9s conegut per la resist\u00e8ncia i la durabilitat. Tot i aix\u00f2, recomanem una neteja peri\u00f2dica amb productes espec\u00edfics per mantenir la seva brillantor i aparen\u00e7a.<\/p>\n\n<\/div>\n<\/div>\n<div id=\"faq-question-1699310490747\" class=\"rank-math-list-item\">\n<h3 class=\"rank-math-question \">4. Tenen opcions per a espais comercials i residencials?<\/h3>\n<div class=\"rank-math-answer \">\n\n<p>S\u00ed, oferim solucions tant per a espais comercials com a residencials, adaptant-nos a les especificitats de cada projecte.<\/p>\n\n<\/div>\n<\/div>\n<\/div>\n<\/div>\n\n<div class=\"gb-button-wrapper gb-button-wrapper-da944254\">\n\n<a class=\"gb-button gb-button-76312997\" href=\"https:\/\/www.facebook.com\/ambtottancat\" target=\"_blank\" rel=\"noopener\"><span class=\"gb-icon\"><svg xmlns=\"http:\/\/www.w3.org\/2000\/svg\" viewBox=\"0 0 320 512\" width=\"1em\" height=\"1em\" aria-hidden=\"true\"><path d=\"M279.14 288l14.22-92.66h-88.91v-60.13c0-25.35 12.42-50.06 52.24-50.06h40.42V6.26S260.43 0 225.36 0c-73.22 0-121.08 44.38-121.08 124.72v70.62H22.89V288h81.39v224h100.17V288z\" fill=\"currentColor\"><\/path><\/svg><\/span><\/a>\n\n\n\n<a class=\"gb-button gb-button-062ed5cf\" href=\"https:\/\/www.instagram.com\/ambtottancat\/\" target=\"_blank\" rel=\"noopener noreferrer\"><span class=\"gb-icon\"><svg xmlns=\"http:\/\/www.w3.org\/2000\/svg\" viewBox=\"0 0 448 512\" width=\"1em\" height=\"1em\" aria-hidden=\"true\"><path d=\"M224.1 141c-63.6 0-114.9 51.3-114.9 114.9s51.3 114.9 114.9 114.9S339 319.5 339 255.9 287.7 141 224.1 141zm0 189.6c-41.1 0-74.7-33.5-74.7-74.7s33.5-74.7 74.7-74.7 74.7 33.5 74.7 74.7-33.6 74.7-74.7 74.7zm146.4-194.3c0 14.9-12 26.8-26.8 26.8-14.9 0-26.8-12-26.8-26.8s12-26.8 26.8-26.8 26.8 12 26.8 26.8zm76.1 27.2c-1.7-35.9-9.9-67.7-36.2-93.9-26.2-26.2-58-34.4-93.9-36.2-37-2.1-147.9-2.1-184.9 0-35.8 1.7-67.6 9.9-93.9 36.1s-34.4 58-36.2 93.9c-2.1 37-2.1 147.9 0 184.9 1.7 35.9 9.9 67.7 36.2 93.9s58 34.4 93.9 36.2c37 2.1 147.9 2.1 184.9 0 35.9-1.7 67.7-9.9 93.9-36.2 26.2-26.2 34.4-58 36.2-93.9 2.1-37 2.1-147.8 0-184.8zM398.8 388c-7.8 19.6-22.9 34.7-42.6 42.6-29.5 11.7-99.5 9-132.1 9s-102.7 2.6-132.1-9c-19.6-7.8-34.7-22.9-42.6-42.6-11.7-29.5-9-99.5-9-132.1s-2.6-102.7 9-132.1c7.8-19.6 22.9-34.7 42.6-42.6 29.5-11.7 99.5-9 132.1-9s102.7-2.6 132.1 9c19.6 7.8 34.7 22.9 42.6 42.6 11.7 29.5 9 99.5 9 132.1s2.7 102.7-9 132.1z\" fill=\"currentColor\"><\/path><\/svg><\/span><\/a>\n\n\n\n<a class=\"gb-button gb-button-9b48ae64\" href=\"https:\/\/twitter.com\/ambtottancat?s=20\" target=\"_blank\" rel=\"noopener\"><span class=\"gb-icon\"><svg xmlns=\"http:\/\/www.w3.org\/2000\/svg\" viewBox=\"0 0 512 512\" width=\"1em\" height=\"1em\" aria-hidden=\"true\"><path d=\"M459.37 151.716c.325 4.548.325 9.097.325 13.645 0 138.72-105.583 298.558-298.558 298.558-59.452 0-114.68-17.219-161.137-47.106 8.447.974 16.568 1.299 25.34 1.299 49.055 0 94.213-16.568 130.274-44.832-46.132-.975-84.792-31.188-98.112-72.772 6.498.974 12.995 1.624 19.818 1.624 9.421 0 18.843-1.3 27.614-3.573-48.081-9.747-84.143-51.98-84.143-102.985v-1.299c13.969 7.797 30.214 12.67 47.431 13.319-28.264-18.843-46.781-51.005-46.781-87.391 0-19.492 5.197-37.36 14.294-52.954 51.655 63.675 129.3 105.258 216.365 109.807-1.624-7.797-2.599-15.918-2.599-24.04 0-57.828 46.782-104.934 104.934-104.934 30.213 0 57.502 12.67 76.67 33.137 23.715-4.548 46.456-13.32 66.599-25.34-7.798 24.366-24.366 44.833-46.132 57.827 21.117-2.273 41.584-8.122 60.426-16.243-14.292 20.791-32.161 39.308-52.628 54.253z\" fill=\"currentColor\"><\/path><\/svg><\/span><\/a>\n\n\n\n<a class=\"gb-button gb-button-9667374b\" href=\"https:\/\/www.youtube.com\/@ambtottancat\" target=\"_blank\" rel=\"noopener\"><span class=\"gb-icon\"><svg aria-hidden=\"true\" role=\"img\" height=\"1em\" width=\"1em\" viewBox=\"0 0 576 512\" xmlns=\"http:\/\/www.w3.org\/2000\/svg\"><path fill=\"currentColor\" d=\"M549.655 124.083c-6.281-23.65-24.787-42.276-48.284-48.597C458.781 64 288 64 288 64S117.22 64 74.629 75.486c-23.497 6.322-42.003 24.947-48.284 48.597-11.412 42.867-11.412 132.305-11.412 132.305s0 89.438 11.412 132.305c6.281 23.65 24.787 41.5 48.284 47.821C117.22 448 288 448 288 448s170.78 0 213.371-11.486c23.497-6.321 42.003-24.171 48.284-47.821 11.412-42.867 11.412-132.305 11.412-132.305s0-89.438-11.412-132.305zm-317.51 213.508V175.185l142.739 81.205-142.739 81.201z\"><\/path><\/svg><\/span><\/a>\n\n<\/div>\n\n<div class=\"gb-button-wrapper gb-button-wrapper-b4b95af6\">\n\n<a class=\"gb-button gb-button-4d5302f9 gb-button-text\" href=\"https:\/\/ambtottancat.com\/ca\/contacte\/\">CONTACTE<\/a>\n\n<\/div>\n<\/div>\n<\/div>","protected":false},"excerpt":{"rendered":"<p>Caracter\u00edstiques de l&#8217;acer inoxidable Resist\u00e8ncia i Durabilitat Aquest material destaca per la seva resist\u00e8ncia a &#8230; <a title=\"Treballs en Acer Inoxidable\" class=\"read-more\" href=\"https:\/\/ambtottancat.com\/ca\/serveis\/treballs-en-acer-inoxidable\/\" aria-label=\"M\u00e9s informaci\u00f3 sobre Treballs en Acer Inoxidable\">Read more<\/a><\/p>\n","protected":false},"author":1,"featured_media":1596,"parent":1693,"menu_order":0,"comment_status":"closed","ping_status":"closed","template":"","meta":{"footnotes":""},"class_list":["post-3207","page","type-page","status-publish","has-post-thumbnail"],"_links":{"self":[{"href":"https:\/\/ambtottancat.com\/ca\/wp-json\/wp\/v2\/pages\/3207","targetHints":{"allow":["GET"]}}],"collection":[{"href":"https:\/\/ambtottancat.com\/ca\/wp-json\/wp\/v2\/pages"}],"about":[{"href":"https:\/\/ambtottancat.com\/ca\/wp-json\/wp\/v2\/types\/page"}],"author":[{"embeddable":true,"href":"https:\/\/ambtottancat.com\/ca\/wp-json\/wp\/v2\/users\/1"}],"replies":[{"embeddable":true,"href":"https:\/\/ambtottancat.com\/ca\/wp-json\/wp\/v2\/comments?post=3207"}],"version-history":[{"count":0,"href":"https:\/\/ambtottancat.com\/ca\/wp-json\/wp\/v2\/pages\/3207\/revisions"}],"up":[{"embeddable":true,"href":"https:\/\/ambtottancat.com\/ca\/wp-json\/wp\/v2\/pages\/1693"}],"wp:featuredmedia":[{"embeddable":true,"href":"https:\/\/ambtottancat.com\/ca\/wp-json\/wp\/v2\/media\/1596"}],"wp:attachment":[{"href":"https:\/\/ambtottancat.com\/ca\/wp-json\/wp\/v2\/media?parent=3207"}],"curies":[{"name":"wp","href":"https:\/\/api.w.org\/{rel}","templated":true}]}}